{"id":8393,"date":"2020-03-24T11:28:49","date_gmt":"2020-03-24T11:28:49","guid":{"rendered":"https:\/\/grupopantoja.com\/?page_id=8393"},"modified":"2022-04-26T11:08:07","modified_gmt":"2022-04-26T09:08:07","slug":"comunicado-oficial-covid19","status":"publish","type":"page","link":"https:\/\/grupopantoja.com\/pt-pt\/comunicado-oficial-covid19\/","title":{"rendered":"Comunicado Oficial Covid-19"},"content":{"rendered":"<div class=\"wpb-content-wrapper\"><p>[vc_row css_animation=&#8221;&#8221; row_type=&#8221;row&#8221; use_row_as_full_screen_section=&#8221;no&#8221; type=&#8221;full_width&#8221; angled_section=&#8221;no&#8221; text_align=&#8221;left&#8221; background_image_as_pattern=&#8221;without_pattern&#8221;][vc_column][vc_column_text]<\/p>\n<h1 style=\"text-align: center;\"><span style=\"font-size: 24pt; color: #000000;\"><strong>Comunicado Oficial Covid-19 <\/strong><\/span><\/h1>\n<h2 style=\"text-align: center;\"><span style=\"font-size: 12pt; color: #808080;\"><strong>Decreto n.\u00ba 14-A\/2020<\/strong><\/span><\/h2>\n<p>[\/vc_column_text][vc_empty_space height=&#8221;60&#8243;][vc_column_text]<\/p>\n<p style=\"text-align: justify;\"><span style=\"font-size: 14pt;\">Devido \u00e0 situa\u00e7\u00e3o causada pela atual propaga\u00e7\u00e3o do coronav\u00edrus COVID-19 em Portugal e no resto do mundo, somos obrigados a fazer uma s\u00e9rie de comunicados de modo a mostrar a nossa responsabilidade perante todos os profissionais que comp\u00f5em a equipa do <strong>Grupo Log\u00edstico PANTOJA<\/strong>, bem como todos os nossos clientes e fornecedores.<\/span><\/p>\n<p style=\"text-align: justify;\"><span style=\"font-size: 14pt;\">De acordo com o Decreto do Presidente da Rep\u00fablica n.\u00ba 14-A\/2020 de 18 de mar\u00e7o, pelo qual o estado de emerg\u00eancia \u00e9 declarado, implement\u00e1mos uma s\u00e9rie de medidas preventivas e de opera\u00e7\u00e3o b\u00e1sica da nossa atividade, impedindo assim que a nossa equipa ativa corra riscos.<\/span><\/p>\n<p>[\/vc_column_text][unordered_list style=&#8221;circle&#8221; animate=&#8221;no&#8221;]<\/p>\n<ul>\n<li style=\"text-align: justify;\"><span style=\"font-size: 14pt;\">Em primeiro lugar, o <strong>Grupo Log\u00edstico PANTOJA<\/strong> colocou \u00e0 disposi\u00e7\u00e3o uma s\u00e9rie de meios t\u00e9cnicos que facilitam o teletrabalho da maioria dos funcion\u00e1rios do escrit\u00f3rio.<\/span><\/li>\n<\/ul>\n<p>&nbsp;<\/p>\n<ul>\n<li style=\"text-align: justify;\"><span style=\"font-size: 14pt;\">No desenvolvimento de todas as tarefas da nossa equipa ativa que segue a trabalhar nas nossas instala\u00e7\u00f5es, bem como em todas as atividades comerciais do <strong>Grupo Log\u00edstico PANTOJA<\/strong>, aplicamos as medidas de preven\u00e7\u00e3o recomendadas pelo Minist\u00e9rio da Sa\u00fade e pelas autoridades de sa\u00fade, de modo a evitar o risco de cont\u00e1gio, monitorizando periodicamente essas atividades. Devido \u00e0s constantes varia\u00e7\u00f5es sofridas pelo estado de emerg\u00eancia, essas regras e procedimentos ser\u00e3o atualizados.<\/span><\/li>\n<\/ul>\n<p>&nbsp;<\/p>\n<ul>\n<li style=\"text-align: justify;\"><span style=\"font-size: 14pt;\">Tamb\u00e9m ser\u00e3o estabelecidas as condi\u00e7\u00f5es necess\u00e1rias para facilitar o transporte de mercadorias em todo o territ\u00f3rio nacional, para garantir o funcionamento das opera\u00e7\u00f5es. Gra\u00e7as a isso, as atividades comerciais do <strong>Grupo Log\u00edstico PANTOJA<\/strong> continuar\u00e3o a desenvolver-se, obviamente sujeita \u00e0s medidas de preven\u00e7\u00e3o discutidas anteriormente. <\/span><\/li>\n<\/ul>\n<p>[\/unordered_list][vc_column_text css=&#8221;.vc_custom_1585138691698{padding-top: 15px !important;}&#8221;]<\/p>\n<p style=\"text-align: justify;\"><span style=\"font-size: 14pt;\">Atualmente, o <strong>Grupo Log\u00edstico PANTOJA<\/strong> continua a entregar as mercadorias normalmente e a garantir o fornecimento a todos os seus clientes, priorizando o transporte de bens essenciais e dispositivos m\u00e9dicos. Este trabalho n\u00e3o poderia ser realizado sem os nossos colaboradores e transportadores, que gra\u00e7as ao trabalho que realizam todos os dias, podem honrar os compromissos com os nossos clientes.<br \/>\n<\/span><\/p>\n<p style=\"text-align: justify;\"><span style=\"font-size: 14pt;\">N\u00f3s do <strong>Grupo Log\u00edstico PANTOJA<\/strong>, tamb\u00e9m queremos reconhecer e agradecer todo o esfor\u00e7o e o louv\u00e1vel trabalho que os profissionais de sa\u00fade p\u00fablica est\u00e3o a fazer atualmente, e a todas as pessoas dedicadas \u00e0 agricultura e pecu\u00e1ria que buscam o fornecimento de produtos essenciais.<br \/>\n<\/span><\/p>\n<p style=\"text-align: justify;\"><span style=\"font-size: 14pt;\">Estamos cientes dos inconvenientes que as medidas tomadas, bem como a situa\u00e7\u00e3o, podem causar, pelos quais agradecemos a paci\u00eancia e a responsabilidade de todos.<\/span><\/p>\n<p style=\"text-align: justify;\"><span style=\"font-size: 14pt;\">Muito obrigado! Vamos superar juntos!<\/span><\/p>\n<p>&nbsp;<\/p>\n<p>&nbsp;<\/p>\n<p style=\"text-align: center;\"><strong><span style=\"font-size: 14pt;\">A Dire\u00e7\u00e3o.<\/span><\/strong><\/p>\n<p>[\/vc_column_text][\/vc_column][\/vc_row][vc_row css_animation=&#8221;&#8221; row_type=&#8221;row&#8221; use_row_as_full_screen_section=&#8221;no&#8221; type=&#8221;full_width&#8221; angled_section=&#8221;no&#8221; text_align=&#8221;left&#8221; background_image_as_pattern=&#8221;without_pattern&#8221;][vc_column][vc_empty_space height=&#8221;120&#8243;][\/vc_column][\/vc_row]<\/p>\n<\/div>","protected":false},"excerpt":{"rendered":"<p>[vc_row css_animation=&#8221;&#8221; row_type=&#8221;row&#8221; use_row_as_full_screen_section=&#8221;no&#8221; type=&#8221;full_width&#8221; angled_section=&#8221;no&#8221; text_align=&#8221;left&#8221; background_image_as_pattern=&#8221;without_pattern&#8221;][vc_column][vc_column_text] Comunicado Oficial Covid-19 Decreto n.\u00ba 14-A\/2020 [\/vc_column_text][vc_empty_space height=&#8221;60&#8243;][vc_column_text] Devido \u00e0 situa\u00e7\u00e3o causada pela atual propaga\u00e7\u00e3o do coronav\u00edrus COVID-19 em Portugal e no resto do mundo, somos obrigados a fazer uma s\u00e9rie de comunicados de modo a mostrar a nossa responsabilidade perante todos&#8230;<\/p>\n","protected":false},"author":10,"featured_media":8408,"parent":0,"menu_order":0,"comment_status":"closed","ping_status":"closed","template":"","meta":{"_acf_changed":false,"footnotes":""},"class_list":["post-8393","page","type-page","status-publish","has-post-thumbnail","hentry"],"acf":[],"yoast_head":"<!-- This site is optimized with the Yoast SEO plugin v27.4 - https:\/\/yoast.com\/product\/yoast-seo-wordpress\/ -->\n<title>Comunicado Oficial Covid-19 - PANTOJA Grupo Log\u00edstico<\/title>\n<meta name=\"description\" content=\"Devido a situa\u00e7\u00e3o causada pela atual propaga\u00e7\u00e3o do coronav\u00edrus COVID-19 em Portugal e no resto do mundo, somos obrigados a fazer uma s\u00e9rie de comunicados...\" \/>\n<meta name=\"robots\" content=\"index, follow, max-snippet:-1, max-image-preview:large, max-video-preview:-1\" \/>\n<link rel=\"canonical\" href=\"https:\/\/grupopantoja.com\/pt-pt\/comunicado-oficial-covid19\/\" \/>\n<meta property=\"og:locale\" content=\"pt_PT\" \/>\n<meta property=\"og:type\" content=\"article\" \/>\n<meta property=\"og:title\" content=\"Comunicado Oficial Covid-19 - PANTOJA Grupo Log\u00edstico\" \/>\n<meta property=\"og:description\" content=\"Devido a situa\u00e7\u00e3o causada pela atual propaga\u00e7\u00e3o do coronav\u00edrus COVID-19 em Portugal e no resto do mundo, somos obrigados a fazer uma s\u00e9rie de comunicados...\" \/>\n<meta property=\"og:url\" content=\"https:\/\/grupopantoja.com\/pt-pt\/comunicado-oficial-covid19\/\" \/>\n<meta property=\"og:site_name\" content=\"PANTOJA Grupo Log\u00edstico\" \/>\n<meta property=\"article:publisher\" content=\"https:\/\/www.facebook.com\/grupopantoja\/\" \/>\n<meta property=\"article:modified_time\" content=\"2022-04-26T09:08:07+00:00\" \/>\n<meta property=\"og:image\" content=\"https:\/\/grupopantoja.com\/wp-content\/uploads\/2020\/03\/Comunicado-Oficial.png\" \/>\n\t<meta property=\"og:image:width\" content=\"743\" \/>\n\t<meta property=\"og:image:height\" content=\"449\" \/>\n\t<meta property=\"og:image:type\" content=\"image\/png\" \/>\n<meta name=\"twitter:card\" content=\"summary_large_image\" \/>\n<meta name=\"twitter:site\" content=\"@pantoja_grupo\" \/>\n<meta name=\"twitter:label1\" content=\"Tempo estimado de leitura\" \/>\n\t<meta name=\"twitter:data1\" content=\"3 minutos\" \/>\n<script type=\"application\/ld+json\" class=\"yoast-schema-graph\">{\"@context\":\"https:\\\/\\\/schema.org\",\"@graph\":[{\"@type\":\"WebPage\",\"@id\":\"https:\\\/\\\/grupopantoja.com\\\/pt-pt\\\/comunicado-oficial-covid19\\\/\",\"url\":\"https:\\\/\\\/grupopantoja.com\\\/pt-pt\\\/comunicado-oficial-covid19\\\/\",\"name\":\"Comunicado Oficial Covid-19 - PANTOJA Grupo Log\u00edstico\",\"isPartOf\":{\"@id\":\"https:\\\/\\\/grupopantoja.com\\\/#website\"},\"primaryImageOfPage\":{\"@id\":\"https:\\\/\\\/grupopantoja.com\\\/pt-pt\\\/comunicado-oficial-covid19\\\/#primaryimage\"},\"image\":{\"@id\":\"https:\\\/\\\/grupopantoja.com\\\/pt-pt\\\/comunicado-oficial-covid19\\\/#primaryimage\"},\"thumbnailUrl\":\"https:\\\/\\\/grupopantoja.com\\\/wp-content\\\/uploads\\\/2020\\\/03\\\/Comunicado-Oficial.png\",\"datePublished\":\"2020-03-24T11:28:49+00:00\",\"dateModified\":\"2022-04-26T09:08:07+00:00\",\"description\":\"Devido a situa\u00e7\u00e3o causada pela atual propaga\u00e7\u00e3o do coronav\u00edrus COVID-19 em Portugal e no resto do mundo, somos obrigados a fazer uma s\u00e9rie de comunicados...\",\"breadcrumb\":{\"@id\":\"https:\\\/\\\/grupopantoja.com\\\/pt-pt\\\/comunicado-oficial-covid19\\\/#breadcrumb\"},\"inLanguage\":\"pt-PT\",\"potentialAction\":[{\"@type\":\"ReadAction\",\"target\":[\"https:\\\/\\\/grupopantoja.com\\\/pt-pt\\\/comunicado-oficial-covid19\\\/\"]}]},{\"@type\":\"ImageObject\",\"inLanguage\":\"pt-PT\",\"@id\":\"https:\\\/\\\/grupopantoja.com\\\/pt-pt\\\/comunicado-oficial-covid19\\\/#primaryimage\",\"url\":\"https:\\\/\\\/grupopantoja.com\\\/wp-content\\\/uploads\\\/2020\\\/03\\\/Comunicado-Oficial.png\",\"contentUrl\":\"https:\\\/\\\/grupopantoja.com\\\/wp-content\\\/uploads\\\/2020\\\/03\\\/Comunicado-Oficial.png\",\"width\":743,\"height\":449},{\"@type\":\"BreadcrumbList\",\"@id\":\"https:\\\/\\\/grupopantoja.com\\\/pt-pt\\\/comunicado-oficial-covid19\\\/#breadcrumb\",\"itemListElement\":[{\"@type\":\"ListItem\",\"position\":1,\"name\":\"Portada\",\"item\":\"https:\\\/\\\/grupopantoja.com\\\/pt-pt\\\/\"},{\"@type\":\"ListItem\",\"position\":2,\"name\":\"Comunicado Oficial Covid-19\"}]},{\"@type\":\"WebSite\",\"@id\":\"https:\\\/\\\/grupopantoja.com\\\/#website\",\"url\":\"https:\\\/\\\/grupopantoja.com\\\/\",\"name\":\"PANTOJA Grupo Log\u00edstico\",\"description\":\"Transporte por carretera y log\u00edstica integral\",\"potentialAction\":[{\"@type\":\"SearchAction\",\"target\":{\"@type\":\"EntryPoint\",\"urlTemplate\":\"https:\\\/\\\/grupopantoja.com\\\/?s={search_term_string}\"},\"query-input\":{\"@type\":\"PropertyValueSpecification\",\"valueRequired\":true,\"valueName\":\"search_term_string\"}}],\"inLanguage\":\"pt-PT\"}]}<\/script>\n<!-- \/ Yoast SEO plugin. -->","yoast_head_json":{"title":"Comunicado Oficial Covid-19 - PANTOJA Grupo Log\u00edstico","description":"Devido a situa\u00e7\u00e3o causada pela atual propaga\u00e7\u00e3o do coronav\u00edrus COVID-19 em Portugal e no resto do mundo, somos obrigados a fazer uma s\u00e9rie de comunicados...","robots":{"index":"index","follow":"follow","max-snippet":"max-snippet:-1","max-image-preview":"max-image-preview:large","max-video-preview":"max-video-preview:-1"},"canonical":"https:\/\/grupopantoja.com\/pt-pt\/comunicado-oficial-covid19\/","og_locale":"pt_PT","og_type":"article","og_title":"Comunicado Oficial Covid-19 - PANTOJA Grupo Log\u00edstico","og_description":"Devido a situa\u00e7\u00e3o causada pela atual propaga\u00e7\u00e3o do coronav\u00edrus COVID-19 em Portugal e no resto do mundo, somos obrigados a fazer uma s\u00e9rie de comunicados...","og_url":"https:\/\/grupopantoja.com\/pt-pt\/comunicado-oficial-covid19\/","og_site_name":"PANTOJA Grupo Log\u00edstico","article_publisher":"https:\/\/www.facebook.com\/grupopantoja\/","article_modified_time":"2022-04-26T09:08:07+00:00","og_image":[{"width":743,"height":449,"url":"https:\/\/grupopantoja.com\/wp-content\/uploads\/2020\/03\/Comunicado-Oficial.png","type":"image\/png"}],"twitter_card":"summary_large_image","twitter_site":"@pantoja_grupo","twitter_misc":{"Tempo estimado de leitura":"3 minutos"},"schema":{"@context":"https:\/\/schema.org","@graph":[{"@type":"WebPage","@id":"https:\/\/grupopantoja.com\/pt-pt\/comunicado-oficial-covid19\/","url":"https:\/\/grupopantoja.com\/pt-pt\/comunicado-oficial-covid19\/","name":"Comunicado Oficial Covid-19 - PANTOJA Grupo Log\u00edstico","isPartOf":{"@id":"https:\/\/grupopantoja.com\/#website"},"primaryImageOfPage":{"@id":"https:\/\/grupopantoja.com\/pt-pt\/comunicado-oficial-covid19\/#primaryimage"},"image":{"@id":"https:\/\/grupopantoja.com\/pt-pt\/comunicado-oficial-covid19\/#primaryimage"},"thumbnailUrl":"https:\/\/grupopantoja.com\/wp-content\/uploads\/2020\/03\/Comunicado-Oficial.png","datePublished":"2020-03-24T11:28:49+00:00","dateModified":"2022-04-26T09:08:07+00:00","description":"Devido a situa\u00e7\u00e3o causada pela atual propaga\u00e7\u00e3o do coronav\u00edrus COVID-19 em Portugal e no resto do mundo, somos obrigados a fazer uma s\u00e9rie de comunicados...","breadcrumb":{"@id":"https:\/\/grupopantoja.com\/pt-pt\/comunicado-oficial-covid19\/#breadcrumb"},"inLanguage":"pt-PT","potentialAction":[{"@type":"ReadAction","target":["https:\/\/grupopantoja.com\/pt-pt\/comunicado-oficial-covid19\/"]}]},{"@type":"ImageObject","inLanguage":"pt-PT","@id":"https:\/\/grupopantoja.com\/pt-pt\/comunicado-oficial-covid19\/#primaryimage","url":"https:\/\/grupopantoja.com\/wp-content\/uploads\/2020\/03\/Comunicado-Oficial.png","contentUrl":"https:\/\/grupopantoja.com\/wp-content\/uploads\/2020\/03\/Comunicado-Oficial.png","width":743,"height":449},{"@type":"BreadcrumbList","@id":"https:\/\/grupopantoja.com\/pt-pt\/comunicado-oficial-covid19\/#breadcrumb","itemListElement":[{"@type":"ListItem","position":1,"name":"Portada","item":"https:\/\/grupopantoja.com\/pt-pt\/"},{"@type":"ListItem","position":2,"name":"Comunicado Oficial Covid-19"}]},{"@type":"WebSite","@id":"https:\/\/grupopantoja.com\/#website","url":"https:\/\/grupopantoja.com\/","name":"PANTOJA Grupo Log\u00edstico","description":"Transporte por carretera y log\u00edstica integral","potentialAction":[{"@type":"SearchAction","target":{"@type":"EntryPoint","urlTemplate":"https:\/\/grupopantoja.com\/?s={search_term_string}"},"query-input":{"@type":"PropertyValueSpecification","valueRequired":true,"valueName":"search_term_string"}}],"inLanguage":"pt-PT"}]}},"_links":{"self":[{"href":"https:\/\/grupopantoja.com\/pt-pt\/wp-json\/wp\/v2\/pages\/8393","targetHints":{"allow":["GET"]}}],"collection":[{"href":"https:\/\/grupopantoja.com\/pt-pt\/wp-json\/wp\/v2\/pages"}],"about":[{"href":"https:\/\/grupopantoja.com\/pt-pt\/wp-json\/wp\/v2\/types\/page"}],"author":[{"embeddable":true,"href":"https:\/\/grupopantoja.com\/pt-pt\/wp-json\/wp\/v2\/users\/10"}],"replies":[{"embeddable":true,"href":"https:\/\/grupopantoja.com\/pt-pt\/wp-json\/wp\/v2\/comments?post=8393"}],"version-history":[{"count":0,"href":"https:\/\/grupopantoja.com\/pt-pt\/wp-json\/wp\/v2\/pages\/8393\/revisions"}],"wp:featuredmedia":[{"embeddable":true,"href":"https:\/\/grupopantoja.com\/pt-pt\/wp-json\/wp\/v2\/media\/8408"}],"wp:attachment":[{"href":"https:\/\/grupopantoja.com\/pt-pt\/wp-json\/wp\/v2\/media?parent=8393"}],"curies":[{"name":"wp","href":"https:\/\/api.w.org\/{rel}","templated":true}]}}