{"id":24807,"date":"2024-01-17T13:49:08","date_gmt":"2024-01-17T12:49:08","guid":{"rendered":"https:\/\/grupopantoja.com\/compliance\/"},"modified":"2024-12-09T20:05:24","modified_gmt":"2024-12-09T19:05:24","slug":"compliance","status":"publish","type":"page","link":"https:\/\/grupopantoja.com\/pt-pt\/compliance\/","title":{"rendered":"Compliance"},"content":{"rendered":"<div class=\"wpb-content-wrapper\"><p>[vc_row full_width=&#8221;stretch_row_content_no_spaces&#8221; content_placement=&#8221;middle&#8221; bg_type=&#8221;image&#8221; parallax_style=&#8221;vcpb-default&#8221; bg_image_new=&#8221;id^24876|url^https:\/\/grupopantoja.com\/wp-content\/uploads\/2024\/01\/compliance-bg-scaled.jpg|caption^null|alt^compliance bg|title^compliance bg|description^null&#8221; bg_image_repeat=&#8221;no-repeat&#8221; bg_override=&#8221;ex-full&#8221; el_class=&#8221;altura-bg&#8221;][vc_column][vc_row_inner][vc_column_inner][vc_column_text]<\/p>\n<h2 style=\"text-align: center;\"><span style=\"font-family: helvetica, arial, sans-serif;\">Compliance<\/span><\/h2>\n<p>[\/vc_column_text][\/vc_column_inner][\/vc_row_inner][\/vc_column][\/vc_row][vc_row full_width=&#8221;stretch_row&#8221; css=&#8221;.vc_custom_1669727627294{margin-top: 0px !important;margin-bottom: 0px !important;}&#8221; el_class=&#8221;.ancho-fila&#8221;][vc_column][vc_row_inner css=&#8221;.vc_custom_1648296045905{padding-top: 3% !important;padding-bottom: 5% !important;}&#8221;][vc_column_inner width=&#8221;1\/2&#8243;]<div id=\"ultimate-heading-142069e1cfc70ac48\" class=\"uvc-heading ult-adjust-bottom-margin ultimate-heading-142069e1cfc70ac48 uvc-1222 \" data-hspacer=\"no_spacer\"  data-halign=\"left\" style=\"text-align:left\"><div class=\"uvc-heading-spacer no_spacer\" style=\"top\"><\/div><div class=\"uvc-sub-heading ult-responsive\"  data-ultimate-target='.uvc-heading.ultimate-heading-142069e1cfc70ac48 .uvc-sub-heading '  data-responsive-json-new='{\"font-size\":\"desktop:15px;mobile:13px;\",\"line-height\":\"desktop:18px;mobile:15px;\"}'  style=\"font-family:&#039;Raleway&#039;;font-weight:normal;color:#b7b7b7;\">Solu\u00e7\u00f5es \/ <a href=\"https:\/\/grupopantoja.com\/pt-pt\/compliance\/\">Compliance<\/a><\/div><\/div>[vc_empty_space height=&#8221;20&#8243;]<div id=\"ultimate-heading-774469e1cfc70ad0f\" class=\"uvc-heading ult-adjust-bottom-margin ultimate-heading-774469e1cfc70ad0f uvc-4853 \" data-hspacer=\"no_spacer\"  data-halign=\"left\" style=\"text-align:left\"><div class=\"uvc-heading-spacer no_spacer\" style=\"top\"><\/div><div class=\"uvc-main-heading ult-responsive\"  data-ultimate-target='.uvc-heading.ultimate-heading-774469e1cfc70ad0f h2'  data-responsive-json-new='{\"font-size\":\"desktop:30px;mobile:24px;\",\"line-height\":\"desktop:30px;mobile:24px;\"}' ><h2 style=\"font-family:&#039;Raleway&#039;;font-weight:700;color:#ad9943;margin-bottom:1%;\">#Valores e princ\u00edpios do Group<\/h2><\/div><\/div>[vc_empty_space height=&#8221;20&#8243;]<div id=\"ultimate-heading-25469e1cfc70ae4c\" class=\"uvc-heading ult-adjust-bottom-margin ultimate-heading-25469e1cfc70ae4c uvc-9843 \" data-hspacer=\"no_spacer\"  data-halign=\"left\" style=\"text-align:left\"><div class=\"uvc-heading-spacer no_spacer\" style=\"top\"><\/div><div class=\"uvc-main-heading ult-responsive\"  data-ultimate-target='.uvc-heading.ultimate-heading-25469e1cfc70ae4c h2'  data-responsive-json-new='{\"font-size\":\"desktop:30px;tablet:30px;tablet_portrait:30px;mobile_landscape:30px;mobile:24px;\",\"line-height\":\"desktop:35px;tablet:35px;tablet_portrait:35px;mobile_landscape:35px;mobile:30px;\"}' ><h2 style=\"font-family:&#039;Raleway&#039;;font-weight:600;color:#333333;margin-bottom:3%;\">C\u00f3digo de Conduta<\/h2><\/div><div class=\"uvc-sub-heading ult-responsive\"  data-ultimate-target='.uvc-heading.ultimate-heading-25469e1cfc70ae4c .uvc-sub-heading '  data-responsive-json-new='{\"font-size\":\"desktop:18px;mobile:16px;\",\"line-height\":\"desktop:21px;mobile:18px;\"}'  style=\"font-family:&#039;Raleway&#039;;font-weight:normal;color:#333333;\">O seu objetivo \u00e9 determinar os <strong>valores, princ\u00edpios e normas<\/strong> que devem reger o comportamento e o desempenho de cada um dos colaboradores e gestores da <strong>PANTOJA Grupo Log\u00edstico<\/strong>. \u00c9 um pilar fundamental do Modelo de Preven\u00e7\u00e3o de Riscos Criminais do Grupo.<\/p>\n<p>O <strong>Grupo PANTOJA Log\u00edstico<\/strong> quer continuar a crescer com responsabilidade e compromisso com todas as suas divis\u00f5es, pelo que os seus princ\u00edpios de atua\u00e7\u00e3o est\u00e3o expressos na sua &#8220;Miss\u00e3o&#8221; e nos seus &#8220;Valores&#8221;.<\/div><\/div><div class=\" vc_custom_1732875959651 ubtn-ctn-left \"><a class=\"ubtn-link ult-adjust-bottom-margin ubtn-left ubtn-large \" href=\"https:\/\/grupopantoja.com\/wp-content\/uploads\/2024\/11\/Codigo-Conduta.pdf\" target=\"_blank\" rel=\"noopener\" ><button type=\"button\" id=\"ubtn-1567\"  class=\"ubtn ult-adjust-bottom-margin ult-responsive ubtn-large ubtn-no-hover-bg  none  ubtn-left   tooltip-69e1cfc70af0f\"  data-hover=\"\" data-border-color=\"\" data-bg=\"#6fae8e\" data-hover-bg=\"\" data-border-hover=\"\" data-shadow-hover=\"\" data-shadow-click=\"none\" data-shadow=\"\" data-shd-shadow=\"\"  data-ultimate-target='#ubtn-1567'  data-responsive-json-new='{\"font-size\":\"desktop:25px;\",\"line-height\":\"desktop:30px;\"}'  style=\"font-family:&#039;Raleway&#039;;font-weight:600;border-radius:10px;border-width:1px;border-color:;border-style:solid;background: #6fae8e;color: #ffffff;\"><span class=\"ubtn-hover\" style=\"background-color:\"><\/span><span class=\"ubtn-data ubtn-text \" >Descarregar<\/span><\/button><\/a><\/div>[\/vc_column_inner][vc_column_inner width=&#8221;1\/2&#8243;][vc_single_image image=&#8221;24795&#8243; img_size=&#8221;full&#8221;][\/vc_column_inner][\/vc_row_inner][\/vc_column][\/vc_row][vc_row full_width=&#8221;stretch_row&#8221; bg_type=&#8221;bg_color&#8221; bg_override=&#8221;ex-full&#8221; css=&#8221;.vc_custom_1705080274658{margin-top: 0px !important;margin-bottom: 0px !important;padding-top: 5% !important;padding-bottom: 5% !important;}&#8221; el_class=&#8221;.ancho-fila&#8221; bg_color_value=&#8221;#f2f2f2&#8243;][vc_column]<div id=\"ultimate-heading-177369e1cfc70b022\" class=\"uvc-heading ult-adjust-bottom-margin ultimate-heading-177369e1cfc70b022 uvc-3141 \" data-hspacer=\"no_spacer\"  data-halign=\"left\" style=\"text-align:left\"><div class=\"uvc-heading-spacer no_spacer\" style=\"top\"><\/div><div class=\"uvc-main-heading ult-responsive\"  data-ultimate-target='.uvc-heading.ultimate-heading-177369e1cfc70b022 h2'  data-responsive-json-new='{\"font-size\":\"desktop:30px;mobile:24px;\",\"line-height\":\"desktop:30px;mobile:24px;\"}' ><h2 style=\"font-family:&#039;Raleway&#039;;font-weight:600;color:#333333;margin-bottom:1%;\">Compliance<\/h2><\/div><div class=\"uvc-sub-heading ult-responsive\"  data-ultimate-target='.uvc-heading.ultimate-heading-177369e1cfc70b022 .uvc-sub-heading '  data-responsive-json-new='{\"font-size\":\"desktop:18px;mobile:16px;\",\"line-height\":\"desktop:21px;mobile:18px;\"}'  style=\"font-family:&#039;Raleway&#039;;font-weight:normal;color:#333333;\">Implement\u00e1mos um Canal de \u00c9tica, um instrumento fundamental para a comunica\u00e7\u00e3o de infrac\u00e7\u00f5es aos regulamentos internos, bem como de outras que possam constituir crimes ou infrac\u00e7\u00f5es administrativas. Este Canal, <strong>gerido externamente, garante independ\u00eancia e objetividade<\/strong>.<\/p>\n<p>Clique no bot\u00e3o correspondente para aceder ao Canal de Den\u00fancias e ao procedimento de utiliza\u00e7\u00e3o do mesmo.<\/div><\/div>[vc_row_inner css=&#8221;.vc_custom_1700063775096{padding-top: 3% !important;}&#8221;][vc_column_inner width=&#8221;4\/12&#8243;][\/vc_column_inner][vc_column_inner width=&#8221;4\/12&#8243;]<div class=\" vc_custom_1715868363994 ubtn-ctn-center \"><a class=\"ubtn-link ult-adjust-bottom-margin ubtn-center ubtn-large \" href=\"https:\/\/grupopantoja.canalconformalegal.es\/home?change_language=pt\" ><button type=\"button\" id=\"ubtn-5697\"  class=\"ubtn ult-adjust-bottom-margin ult-responsive ubtn-large ubtn-no-hover-bg  none  ubtn-center   tooltip-69e1cfc70b0bc\"  data-hover=\"\" data-border-color=\"#6fae8e\" data-bg=\"#6fae8e\" data-hover-bg=\"\" data-border-hover=\"#6fae8e\" data-shadow-hover=\"\" data-shadow-click=\"none\" data-shadow=\"\" data-shd-shadow=\"\"  data-ultimate-target='#ubtn-5697'  data-responsive-json-new='{\"font-size\":\"desktop:21px;\",\"line-height\":\"desktop:25px;\"}'  style=\"font-family:&#039;Raleway&#039;;font-weight:600;border-radius:10px;border-width:1px;border-color:#6fae8e;border-style:solid;background: #6fae8e;color: #ffffff;\"><span class=\"ubtn-hover\" style=\"background-color:\"><\/span><span class=\"ubtn-data ubtn-text \" >Canal de Den\u00fancias<\/span><\/button><\/a><\/div>[\/vc_column_inner][vc_column_inner width=&#8221;4\/12&#8243;]<div class=\" vc_custom_1733771103991 ubtn-ctn-center \"><a class=\"ubtn-link ult-adjust-bottom-margin ubtn-center ubtn-large \" href=\"https:\/\/grupopantoja.com\/wp-content\/uploads\/2024\/12\/1.c-POLITICA-DO-SISTEMA-INTERNO-DE-INFORMACAO.pdf\" target=\"_blank\" rel=\"noopener\" ><button type=\"button\" id=\"ubtn-1867\"  class=\"ubtn ult-adjust-bottom-margin ult-responsive ubtn-large ubtn-no-hover-bg  none  ubtn-center   tooltip-69e1cfc70b145\"  data-hover=\"\" data-border-color=\"#6fae8e\" data-bg=\"#6fae8e\" data-hover-bg=\"\" data-border-hover=\"#6fae8e\" data-shadow-hover=\"\" data-shadow-click=\"none\" data-shadow=\"\" data-shd-shadow=\"\"  data-ultimate-target='#ubtn-1867'  data-responsive-json-new='{\"font-size\":\"desktop:21px;\",\"line-height\":\"desktop:25px;\"}'  style=\"font-family:&#039;Raleway&#039;;font-weight:600;border-radius:10px;border-width:1px;border-color:#6fae8e;border-style:solid;background: #6fae8e;color: #ffffff;\"><span class=\"ubtn-hover\" style=\"background-color:\"><\/span><span class=\"ubtn-data ubtn-text \" >Procedimento de acesso<\/span><\/button><\/a><\/div>[\/vc_column_inner][\/vc_row_inner][\/vc_column][\/vc_row]<\/p>\n<\/div>","protected":false},"excerpt":{"rendered":"<p>[vc_row full_width=&#8221;stretch_row_content_no_spaces&#8221; content_placement=&#8221;middle&#8221; bg_type=&#8221;image&#8221; parallax_style=&#8221;vcpb-default&#8221; bg_image_new=&#8221;id^24876|url^https:\/\/grupopantoja.com\/wp-content\/uploads\/2024\/01\/compliance-bg-scaled.jpg|caption^null|alt^compliance bg|title^compliance bg|description^null&#8221; bg_image_repeat=&#8221;no-repeat&#8221; bg_override=&#8221;ex-full&#8221; el_class=&#8221;altura-bg&#8221;][vc_column][vc_row_inner][vc_column_inner][vc_column_text] Compliance [\/vc_column_text][\/vc_column_inner][\/vc_row_inner][\/vc_column][\/vc_row][vc_row full_width=&#8221;stretch_row&#8221; css=&#8221;.vc_custom_1669727627294{margin-top: 0px !important;margin-bottom: 0px !important;}&#8221; el_class=&#8221;.ancho-fila&#8221;][vc_column][vc_row_inner css=&#8221;.vc_custom_1648296045905{padding-top: 3% !important;padding-bottom: 5% !important;}&#8221;][vc_column_inner width=&#8221;1\/2&#8243;][vc_empty_space height=&#8221;20&#8243;][vc_empty_space height=&#8221;20&#8243;][\/vc_column_inner][vc_column_inner width=&#8221;1\/2&#8243;][vc_single_image image=&#8221;24795&#8243; img_size=&#8221;full&#8221;][\/vc_column_inner][\/vc_row_inner][\/vc_column][\/vc_row][vc_row full_width=&#8221;stretch_row&#8221; bg_type=&#8221;bg_color&#8221; bg_override=&#8221;ex-full&#8221; css=&#8221;.vc_custom_1705080274658{margin-top: 0px !important;margin-bottom: 0px !important;padding-top: 5% !important;padding-bottom: 5% !important;}&#8221; el_class=&#8221;.ancho-fila&#8221; bg_color_value=&#8221;#f2f2f2&#8243;][vc_column][vc_row_inner css=&#8221;.vc_custom_1700063775096{padding-top: 3% !important;}&#8221;][vc_column_inner width=&#8221;4\/12&#8243;][\/vc_column_inner][vc_column_inner width=&#8221;4\/12&#8243;][\/vc_column_inner][vc_column_inner&#8230;<\/p>\n","protected":false},"author":8,"featured_media":0,"parent":0,"menu_order":0,"comment_status":"closed","ping_status":"closed","template":"","meta":{"_acf_changed":false,"footnotes":""},"class_list":["post-24807","page","type-page","status-publish","hentry"],"acf":[],"yoast_head":"<!-- This site is optimized with the Yoast SEO plugin v27.4 - https:\/\/yoast.com\/product\/yoast-seo-wordpress\/ -->\n<title>Compliance - PANTOJA Grupo Log\u00edstico<\/title>\n<meta name=\"description\" content=\"Compliance PANTOJA Grupo Log\u00edstico: Queremos continuar a crescer, demonstrando responsabilidade e compromisso com todas as nossas divis\u00f5es.\" \/>\n<meta name=\"robots\" content=\"index, follow, max-snippet:-1, max-image-preview:large, max-video-preview:-1\" \/>\n<link rel=\"canonical\" href=\"https:\/\/grupopantoja.com\/pt-pt\/compliance\/\" \/>\n<meta property=\"og:locale\" content=\"pt_PT\" \/>\n<meta property=\"og:type\" content=\"article\" \/>\n<meta property=\"og:title\" content=\"Compliance - PANTOJA Grupo Log\u00edstico\" \/>\n<meta property=\"og:description\" content=\"Compliance PANTOJA Grupo Log\u00edstico: Queremos continuar a crescer, demonstrando responsabilidade e compromisso com todas as nossas divis\u00f5es.\" \/>\n<meta property=\"og:url\" content=\"https:\/\/grupopantoja.com\/pt-pt\/compliance\/\" \/>\n<meta property=\"og:site_name\" content=\"PANTOJA Grupo Log\u00edstico\" \/>\n<meta property=\"article:publisher\" content=\"https:\/\/www.facebook.com\/grupopantoja\/\" \/>\n<meta property=\"article:modified_time\" content=\"2024-12-09T19:05:24+00:00\" \/>\n<meta property=\"og:image\" content=\"https:\/\/grupopantoja.com\/wp-content\/uploads\/2019\/11\/Logo-horizontal-blanco.png\" \/>\n\t<meta property=\"og:image:width\" content=\"685\" \/>\n\t<meta property=\"og:image:height\" content=\"307\" \/>\n\t<meta property=\"og:image:type\" content=\"image\/png\" \/>\n<meta name=\"twitter:card\" content=\"summary_large_image\" \/>\n<meta name=\"twitter:site\" content=\"@pantoja_grupo\" \/>\n<meta name=\"twitter:label1\" content=\"Tempo estimado de leitura\" \/>\n\t<meta name=\"twitter:data1\" content=\"2 minutos\" \/>\n<script type=\"application\/ld+json\" class=\"yoast-schema-graph\">{\"@context\":\"https:\\\/\\\/schema.org\",\"@graph\":[{\"@type\":\"WebPage\",\"@id\":\"https:\\\/\\\/grupopantoja.com\\\/pt-pt\\\/compliance\\\/\",\"url\":\"https:\\\/\\\/grupopantoja.com\\\/pt-pt\\\/compliance\\\/\",\"name\":\"Compliance - PANTOJA Grupo Log\u00edstico\",\"isPartOf\":{\"@id\":\"https:\\\/\\\/grupopantoja.com\\\/#website\"},\"datePublished\":\"2024-01-17T12:49:08+00:00\",\"dateModified\":\"2024-12-09T19:05:24+00:00\",\"description\":\"Compliance PANTOJA Grupo Log\u00edstico: Queremos continuar a crescer, demonstrando responsabilidade e compromisso com todas as nossas divis\u00f5es.\",\"breadcrumb\":{\"@id\":\"https:\\\/\\\/grupopantoja.com\\\/pt-pt\\\/compliance\\\/#breadcrumb\"},\"inLanguage\":\"pt-PT\",\"potentialAction\":[{\"@type\":\"ReadAction\",\"target\":[\"https:\\\/\\\/grupopantoja.com\\\/pt-pt\\\/compliance\\\/\"]}]},{\"@type\":\"BreadcrumbList\",\"@id\":\"https:\\\/\\\/grupopantoja.com\\\/pt-pt\\\/compliance\\\/#breadcrumb\",\"itemListElement\":[{\"@type\":\"ListItem\",\"position\":1,\"name\":\"Portada\",\"item\":\"https:\\\/\\\/grupopantoja.com\\\/pt-pt\\\/\"},{\"@type\":\"ListItem\",\"position\":2,\"name\":\"Compliance\"}]},{\"@type\":\"WebSite\",\"@id\":\"https:\\\/\\\/grupopantoja.com\\\/#website\",\"url\":\"https:\\\/\\\/grupopantoja.com\\\/\",\"name\":\"PANTOJA Grupo Log\u00edstico\",\"description\":\"Transporte por carretera y log\u00edstica integral\",\"potentialAction\":[{\"@type\":\"SearchAction\",\"target\":{\"@type\":\"EntryPoint\",\"urlTemplate\":\"https:\\\/\\\/grupopantoja.com\\\/?s={search_term_string}\"},\"query-input\":{\"@type\":\"PropertyValueSpecification\",\"valueRequired\":true,\"valueName\":\"search_term_string\"}}],\"inLanguage\":\"pt-PT\"}]}<\/script>\n<!-- \/ Yoast SEO plugin. -->","yoast_head_json":{"title":"Compliance - PANTOJA Grupo Log\u00edstico","description":"Compliance PANTOJA Grupo Log\u00edstico: Queremos continuar a crescer, demonstrando responsabilidade e compromisso com todas as nossas divis\u00f5es.","robots":{"index":"index","follow":"follow","max-snippet":"max-snippet:-1","max-image-preview":"max-image-preview:large","max-video-preview":"max-video-preview:-1"},"canonical":"https:\/\/grupopantoja.com\/pt-pt\/compliance\/","og_locale":"pt_PT","og_type":"article","og_title":"Compliance - PANTOJA Grupo Log\u00edstico","og_description":"Compliance PANTOJA Grupo Log\u00edstico: Queremos continuar a crescer, demonstrando responsabilidade e compromisso com todas as nossas divis\u00f5es.","og_url":"https:\/\/grupopantoja.com\/pt-pt\/compliance\/","og_site_name":"PANTOJA Grupo Log\u00edstico","article_publisher":"https:\/\/www.facebook.com\/grupopantoja\/","article_modified_time":"2024-12-09T19:05:24+00:00","og_image":[{"width":685,"height":307,"url":"https:\/\/grupopantoja.com\/wp-content\/uploads\/2019\/11\/Logo-horizontal-blanco.png","type":"image\/png"}],"twitter_card":"summary_large_image","twitter_site":"@pantoja_grupo","twitter_misc":{"Tempo estimado de leitura":"2 minutos"},"schema":{"@context":"https:\/\/schema.org","@graph":[{"@type":"WebPage","@id":"https:\/\/grupopantoja.com\/pt-pt\/compliance\/","url":"https:\/\/grupopantoja.com\/pt-pt\/compliance\/","name":"Compliance - PANTOJA Grupo Log\u00edstico","isPartOf":{"@id":"https:\/\/grupopantoja.com\/#website"},"datePublished":"2024-01-17T12:49:08+00:00","dateModified":"2024-12-09T19:05:24+00:00","description":"Compliance PANTOJA Grupo Log\u00edstico: Queremos continuar a crescer, demonstrando responsabilidade e compromisso com todas as nossas divis\u00f5es.","breadcrumb":{"@id":"https:\/\/grupopantoja.com\/pt-pt\/compliance\/#breadcrumb"},"inLanguage":"pt-PT","potentialAction":[{"@type":"ReadAction","target":["https:\/\/grupopantoja.com\/pt-pt\/compliance\/"]}]},{"@type":"BreadcrumbList","@id":"https:\/\/grupopantoja.com\/pt-pt\/compliance\/#breadcrumb","itemListElement":[{"@type":"ListItem","position":1,"name":"Portada","item":"https:\/\/grupopantoja.com\/pt-pt\/"},{"@type":"ListItem","position":2,"name":"Compliance"}]},{"@type":"WebSite","@id":"https:\/\/grupopantoja.com\/#website","url":"https:\/\/grupopantoja.com\/","name":"PANTOJA Grupo Log\u00edstico","description":"Transporte por carretera y log\u00edstica integral","potentialAction":[{"@type":"SearchAction","target":{"@type":"EntryPoint","urlTemplate":"https:\/\/grupopantoja.com\/?s={search_term_string}"},"query-input":{"@type":"PropertyValueSpecification","valueRequired":true,"valueName":"search_term_string"}}],"inLanguage":"pt-PT"}]}},"_links":{"self":[{"href":"https:\/\/grupopantoja.com\/pt-pt\/wp-json\/wp\/v2\/pages\/24807","targetHints":{"allow":["GET"]}}],"collection":[{"href":"https:\/\/grupopantoja.com\/pt-pt\/wp-json\/wp\/v2\/pages"}],"about":[{"href":"https:\/\/grupopantoja.com\/pt-pt\/wp-json\/wp\/v2\/types\/page"}],"author":[{"embeddable":true,"href":"https:\/\/grupopantoja.com\/pt-pt\/wp-json\/wp\/v2\/users\/8"}],"replies":[{"embeddable":true,"href":"https:\/\/grupopantoja.com\/pt-pt\/wp-json\/wp\/v2\/comments?post=24807"}],"version-history":[{"count":8,"href":"https:\/\/grupopantoja.com\/pt-pt\/wp-json\/wp\/v2\/pages\/24807\/revisions"}],"predecessor-version":[{"id":30318,"href":"https:\/\/grupopantoja.com\/pt-pt\/wp-json\/wp\/v2\/pages\/24807\/revisions\/30318"}],"wp:attachment":[{"href":"https:\/\/grupopantoja.com\/pt-pt\/wp-json\/wp\/v2\/media?parent=24807"}],"curies":[{"name":"wp","href":"https:\/\/api.w.org\/{rel}","templated":true}]}}