{"id":17947,"date":"2022-03-29T19:25:33","date_gmt":"2022-03-29T17:25:33","guid":{"rendered":"https:\/\/grupopantoja.com\/politica-privacidad-2022\/"},"modified":"2022-05-11T17:14:05","modified_gmt":"2022-05-11T15:14:05","slug":"politica-privacidade","status":"publish","type":"page","link":"https:\/\/grupopantoja.com\/pt-pt\/politica-privacidade\/","title":{"rendered":"Pol\u00edtica Privacidade"},"content":{"rendered":"<div class=\"wpb-content-wrapper\"><p>[vc_row full_width=&#8221;stretch_row_content_no_spaces&#8221; content_placement=&#8221;middle&#8221; bg_type=&#8221;image&#8221; parallax_style=&#8221;vcpb-default&#8221; bg_image_new=&#8221;id^17686|url^https:\/\/grupopantoja.com\/wp-content\/uploads\/2022\/03\/politica-privacidad-bg.jpg|caption^null|alt^null|title^politica privacidad bg|description^null&#8221; bg_image_repeat=&#8221;no-repeat&#8221; bg_override=&#8221;ex-full&#8221; el_class=&#8221;altura-bg&#8221;][vc_column][vc_row_inner][vc_column_inner][vc_column_text]<\/p>\n<h2 style=\"text-align: center;\">Pol\u00edtica de Privacidade<\/h2>\n<p>[\/vc_column_text][\/vc_column_inner][\/vc_row_inner][\/vc_column][\/vc_row][vc_row css=&#8221;.vc_custom_1652282042789{padding-top: 3% !important;padding-bottom: 3% !important;}&#8221;][vc_column]<div id=\"ultimate-heading-908469e23749640d0\" class=\"uvc-heading ult-adjust-bottom-margin ultimate-heading-908469e23749640d0 uvc-4372 \" data-hspacer=\"no_spacer\"  data-halign=\"left\" style=\"text-align:left\"><div class=\"uvc-heading-spacer no_spacer\" style=\"top\"><\/div><div class=\"uvc-sub-heading ult-responsive\"  data-ultimate-target='.uvc-heading.ultimate-heading-908469e23749640d0 .uvc-sub-heading '  data-responsive-json-new='{\"font-size\":\"desktop:18px;mobile:16px;\",\"line-height\":\"desktop:21px;mobile:18px;\"}'  style=\"font-family:&#039;Raleway&#039;;font-weight:normal;color:#333333;\"><strong>Nome do dom\u00ednio<\/strong>: grupopantoja.com<br \/>\n<strong>Denomina\u00e7\u00e3o Social<\/strong>: LOG\u00cdSTICA E DISTRIBUI\u00c7\u00c3O JL PANTOJA, S.L.U.<br \/>\n<strong>Nome Comercial<\/strong>: Grupo Log\u00edstico PANTOJA<br \/>\n<strong>Escrit\u00f3rio registrado<\/strong>: Camino de la Encinilla, s \/ n &#8211; 41970 Santiponce (Sevilla)<br \/>\n<strong>NIF<\/strong>: B-91491050<br \/>\n<strong>Telefone<\/strong>: 955996200<br \/>\n<strong>Fax<\/strong>: 955345004<br \/>\n<strong>E-mail<\/strong>: lopd@grupopantoja.com<br \/>\n<strong>Dados de registro de inscri\u00e7\u00f5es <\/strong>: Registro de Com\u00e9rcio de Sevilha, Folha SE64881, F\u00f3lio 150, Livro 0, Se\u00e7\u00e3o 8 Empresas, Inscri\u00e7\u00e3o<\/p>\n<p>De acordo com as disposi\u00e7\u00f5es da Lei Org\u00e2nica 15\/1999, sobre a Protec\u00e7\u00e3o de Dados Pessoais (LOPD) e seus regulamentos de execu\u00e7\u00e3o, a pessoa respons\u00e1vel pelo site, em conformidade com o disposto no art. 5 e 6 do LOPD, informa a todos os usu\u00e1rios do site que fornecem ou fornecer\u00e3o seus dados pessoais, que estes ser\u00e3o incorporados em um arquivo automatizado que esteja devidamente registrado na Ag\u00eancia Espanhola de Prote\u00e7\u00e3o de Dados com n\u00famero de registro 2111821270, para fins de gest\u00e3o e controle de rela\u00e7\u00f5es contratuais, bem como para a atividade de publicidade ou prospec\u00e7\u00e3o comercial de nossos produtos e servi\u00e7os.<\/p>\n<p>O provedor garante ao usu\u00e1rio o exerc\u00edcio dos direitos de acesso, retifica\u00e7\u00e3o, cancelamento, informa\u00e7\u00e3o e oposi\u00e7\u00e3o, nos termos previstos na legisla\u00e7\u00e3o vigente. Portanto, de acordo com as disposi\u00e7\u00f5es da Lei Org\u00e2nica 15\/1999, de Prote\u00e7\u00e3o de Dados Pessoais (LOPD) pode exercer os seus direitos atrav\u00e9s do envio de um pedido expresso, juntamente com uma c\u00f3pia do seu ID, atrav\u00e9s de correio postal, fax ou email.<\/p>\n<p>O provedor expressamente informa e garante aos usu\u00e1rios que seus dados pessoais n\u00e3o ser\u00e3o transferidos em qualquer caso para terceiros, e que sempre que houver algum tipo de transfer\u00eancia de dados pessoais, previamente, o consentimento expresso, informado ser\u00e1 solicitado, e inequ\u00edvoca pelos propriet\u00e1rios.<\/p>\n<p>Os usu\u00e1rios, marcando a caixa, expressamente e livremente e inequivocamente aceitam que seus dados pessoais sejam tratados pelo provedor para realizar os seguintes prop\u00f3sitos:<\/p>\n<p style=\"padding-left: 60px;\">1- Remiss\u00e3o de comunica\u00e7\u00f5es publicit\u00e1rias comerciais por e-mail, fax, SMS, MMS, comunidades sociais ou quaisquer outros meios eletr\u00f4nicos ou f\u00edsicos, presentes ou futuros, que possibilitem a comunica\u00e7\u00e3o comercial. Tais comunica\u00e7\u00f5es comerciais ser\u00e3o relacionadas a produtos ou servi\u00e7os oferecidos pelo provedor, assim como pelos colaboradores ou parceiros com os quais este \u00faltimo teria alcan\u00e7ado um acordo de promo\u00e7\u00e3o comercial entre seus clientes. Neste caso, terceiros nunca ter\u00e3o acesso a dados pessoais. Em qualquer caso, as comunica\u00e7\u00f5es comerciais ser\u00e3o feitas pelo provedor e ser\u00e3o produtos e servi\u00e7os relacionados ao setor do provedor.<\/p>\n<p style=\"padding-left: 60px;\">2- Realizar estudos estat\u00edsticos.<\/p>\n<p style=\"padding-left: 60px;\">3- Processar pedidos, solicita\u00e7\u00f5es ou qualquer tipo de solicita\u00e7\u00e3o feita pelo usu\u00e1rio atrav\u00e9s de qualquer um dos formul\u00e1rios de contato disponibilizados ao usu\u00e1rio no site da empresa.<\/p>\n<p style=\"padding-left: 60px;\">4- Envie a newsletter do site.<\/p>\n<p>Todos os dados solicitados atrav\u00e9s do site s\u00e3o obrigat\u00f3rios, pois s\u00e3o necess\u00e1rios para a presta\u00e7\u00e3o de um servi\u00e7o ideal para o usu\u00e1rio. Caso todos os dados n\u00e3o sejam fornecidos, o provedor n\u00e3o garante que as informa\u00e7\u00f5es e os servi\u00e7os fornecidos sejam completamente ajustados \u00e0s suas necessidades.<\/p>\n<p>Da mesma forma, o usu\u00e1rio pode cancelar a assinatura de qualquer um dos servi\u00e7os de assinatura fornecidos clicando na se\u00e7\u00e3o de cancelamento de assinatura de todos os emails enviados pelo provedor.<\/p>\n<p>Da mesma forma, o provedor adotou todas as medidas t\u00e9cnicas e organizacionais necess\u00e1rias para garantir a seguran\u00e7a e a integridade dos dados pessoais com os quais lida, bem como para evitar sua perda, altera\u00e7\u00e3o e \/ ou acesso por terceiros n\u00e3o autorizados.<\/p>\n<p><strong>ENDERE\u00c7OS IP<\/strong><\/p>\n<p>Os servidores do site podem detectar automaticamente o endere\u00e7o IP e o nome de dom\u00ednio usados \u200b\u200bpelo usu\u00e1rio. Um endere\u00e7o IP \u00e9 um n\u00famero atribu\u00eddo automaticamente a um computador quando ele se conecta \u00e0 Internet. Toda esta informa\u00e7\u00e3o \u00e9 registrada em um arquivo de atividade do servidor devidamente cadastrado que permite o processamento posterior dos dados, a fim de obter apenas medidas estat\u00edsticas que permitam conhecer o n\u00famero de impress\u00f5es de p\u00e1ginas, o n\u00famero de visitas realizadas aos servi\u00e7os web, a ordem das visitas, o ponto de acesso, etc.<\/p>\n<p><strong>SEGURAN\u00c7A<\/strong><\/p>\n<p>O site utiliza t\u00e9cnicas de seguran\u00e7a da informa\u00e7\u00e3o geralmente aceitas na ind\u00fastria, como firewalls, procedimentos de controle de acesso e mecanismos criptogr\u00e1ficos, tudo com o objetivo de impedir o acesso n\u00e3o autorizado aos dados. Para atingir esses fins, o usu\u00e1rio \/ cliente aceita que o provedor obtenha dados para fins de autentica\u00e7\u00e3o correspondente dos controles de acesso.<\/p>\n<p>Qualquer processo que envolva a introdu\u00e7\u00e3o de dados pessoais elevados (sa\u00fade, ideologia, &#8230;) ser\u00e1 sempre transmitido atrav\u00e9s do protocolo de comunica\u00e7\u00e3o segura (https:\/\/&#8230;) com certificado SSL, para que nenhum terceiro tenha acesso \u00e0 informa\u00e7\u00e3o transmitida maneira eletr\u00f4nica<\/div><\/div>[\/vc_column][\/vc_row]<\/p>\n<\/div>","protected":false},"excerpt":{"rendered":"<p>[vc_row full_width=&#8221;stretch_row_content_no_spaces&#8221; content_placement=&#8221;middle&#8221; bg_type=&#8221;image&#8221; parallax_style=&#8221;vcpb-default&#8221; bg_image_new=&#8221;id^17686|url^https:\/\/grupopantoja.com\/wp-content\/uploads\/2022\/03\/politica-privacidad-bg.jpg|caption^null|alt^null|title^politica privacidad bg|description^null&#8221; bg_image_repeat=&#8221;no-repeat&#8221; bg_override=&#8221;ex-full&#8221; el_class=&#8221;altura-bg&#8221;][vc_column][vc_row_inner][vc_column_inner][vc_column_text] Pol\u00edtica de Privacidade [\/vc_column_text][\/vc_column_inner][\/vc_row_inner][\/vc_column][\/vc_row][vc_row css=&#8221;.vc_custom_1652282042789{padding-top: 3% !important;padding-bottom: 3% !important;}&#8221;][vc_column][\/vc_column][\/vc_row]<\/p>\n","protected":false},"author":8,"featured_media":0,"parent":0,"menu_order":0,"comment_status":"closed","ping_status":"closed","template":"","meta":{"_acf_changed":false,"footnotes":""},"class_list":["post-17947","page","type-page","status-publish","hentry"],"acf":[],"yoast_head":"<!-- This site is optimized with the Yoast SEO plugin v27.4 - https:\/\/yoast.com\/product\/yoast-seo-wordpress\/ -->\n<title>Pol\u00edtica Privacidade - PANTOJA Grupo Log\u00edstico<\/title>\n<meta name=\"robots\" content=\"noindex, nofollow\" \/>\n<meta property=\"og:locale\" content=\"pt_PT\" \/>\n<meta property=\"og:type\" content=\"article\" \/>\n<meta property=\"og:title\" content=\"Pol\u00edtica Privacidade - PANTOJA Grupo Log\u00edstico\" \/>\n<meta property=\"og:description\" content=\"[vc_row full_width=&#8221;stretch_row_content_no_spaces&#8221; content_placement=&#8221;middle&#8221; bg_type=&#8221;image&#8221; parallax_style=&#8221;vcpb-default&#8221; bg_image_new=&#8221;id^17686|url^https:\/\/grupopantoja.com\/wp-content\/uploads\/2022\/03\/politica-privacidad-bg.jpg|caption^null|alt^null|title^politica privacidad bg|description^null&#8221; bg_image_repeat=&#8221;no-repeat&#8221; bg_override=&#8221;ex-full&#8221; el_class=&#8221;altura-bg&#8221;][vc_column][vc_row_inner][vc_column_inner][vc_column_text] Pol\u00edtica de Privacidade [\/vc_column_text][\/vc_column_inner][\/vc_row_inner][\/vc_column][\/vc_row][vc_row css=&#8221;.vc_custom_1652282042789{padding-top: 3% !important;padding-bottom: 3% !important;}&#8221;][vc_column][\/vc_column][\/vc_row]\" \/>\n<meta property=\"og:url\" content=\"https:\/\/grupopantoja.com\/pt-pt\/politica-privacidade\/\" \/>\n<meta property=\"og:site_name\" content=\"PANTOJA Grupo Log\u00edstico\" \/>\n<meta property=\"article:publisher\" content=\"https:\/\/www.facebook.com\/grupopantoja\/\" \/>\n<meta property=\"article:modified_time\" content=\"2022-05-11T15:14:05+00:00\" \/>\n<meta property=\"og:image\" content=\"https:\/\/grupopantoja.com\/wp-content\/uploads\/2019\/11\/Logo-horizontal-blanco.png\" \/>\n\t<meta property=\"og:image:width\" content=\"685\" \/>\n\t<meta property=\"og:image:height\" content=\"307\" \/>\n\t<meta property=\"og:image:type\" content=\"image\/png\" \/>\n<meta name=\"twitter:card\" content=\"summary_large_image\" \/>\n<meta name=\"twitter:site\" content=\"@pantoja_grupo\" \/>\n<meta name=\"twitter:label1\" content=\"Tempo estimado de leitura\" \/>\n\t<meta name=\"twitter:data1\" content=\"6 minutos\" \/>\n<script type=\"application\/ld+json\" class=\"yoast-schema-graph\">{\"@context\":\"https:\\\/\\\/schema.org\",\"@graph\":[{\"@type\":\"WebPage\",\"@id\":\"https:\\\/\\\/grupopantoja.com\\\/pt-pt\\\/politica-privacidade\\\/\",\"url\":\"https:\\\/\\\/grupopantoja.com\\\/pt-pt\\\/politica-privacidade\\\/\",\"name\":\"Pol\u00edtica Privacidade - PANTOJA Grupo Log\u00edstico\",\"isPartOf\":{\"@id\":\"https:\\\/\\\/grupopantoja.com\\\/#website\"},\"datePublished\":\"2022-03-29T17:25:33+00:00\",\"dateModified\":\"2022-05-11T15:14:05+00:00\",\"breadcrumb\":{\"@id\":\"https:\\\/\\\/grupopantoja.com\\\/pt-pt\\\/politica-privacidade\\\/#breadcrumb\"},\"inLanguage\":\"pt-PT\",\"potentialAction\":[{\"@type\":\"ReadAction\",\"target\":[\"https:\\\/\\\/grupopantoja.com\\\/pt-pt\\\/politica-privacidade\\\/\"]}]},{\"@type\":\"BreadcrumbList\",\"@id\":\"https:\\\/\\\/grupopantoja.com\\\/pt-pt\\\/politica-privacidade\\\/#breadcrumb\",\"itemListElement\":[{\"@type\":\"ListItem\",\"position\":1,\"name\":\"Portada\",\"item\":\"https:\\\/\\\/grupopantoja.com\\\/pt-pt\\\/\"},{\"@type\":\"ListItem\",\"position\":2,\"name\":\"Pol\u00edtica Privacidade\"}]},{\"@type\":\"WebSite\",\"@id\":\"https:\\\/\\\/grupopantoja.com\\\/#website\",\"url\":\"https:\\\/\\\/grupopantoja.com\\\/\",\"name\":\"PANTOJA Grupo Log\u00edstico\",\"description\":\"Transporte por carretera y log\u00edstica integral\",\"potentialAction\":[{\"@type\":\"SearchAction\",\"target\":{\"@type\":\"EntryPoint\",\"urlTemplate\":\"https:\\\/\\\/grupopantoja.com\\\/?s={search_term_string}\"},\"query-input\":{\"@type\":\"PropertyValueSpecification\",\"valueRequired\":true,\"valueName\":\"search_term_string\"}}],\"inLanguage\":\"pt-PT\"}]}<\/script>\n<!-- \/ Yoast SEO plugin. -->","yoast_head_json":{"title":"Pol\u00edtica Privacidade - PANTOJA Grupo Log\u00edstico","robots":{"index":"noindex","follow":"nofollow"},"og_locale":"pt_PT","og_type":"article","og_title":"Pol\u00edtica Privacidade - PANTOJA Grupo Log\u00edstico","og_description":"[vc_row full_width=&#8221;stretch_row_content_no_spaces&#8221; content_placement=&#8221;middle&#8221; bg_type=&#8221;image&#8221; parallax_style=&#8221;vcpb-default&#8221; bg_image_new=&#8221;id^17686|url^https:\/\/grupopantoja.com\/wp-content\/uploads\/2022\/03\/politica-privacidad-bg.jpg|caption^null|alt^null|title^politica privacidad bg|description^null&#8221; bg_image_repeat=&#8221;no-repeat&#8221; bg_override=&#8221;ex-full&#8221; el_class=&#8221;altura-bg&#8221;][vc_column][vc_row_inner][vc_column_inner][vc_column_text] Pol\u00edtica de Privacidade [\/vc_column_text][\/vc_column_inner][\/vc_row_inner][\/vc_column][\/vc_row][vc_row css=&#8221;.vc_custom_1652282042789{padding-top: 3% !important;padding-bottom: 3% !important;}&#8221;][vc_column][\/vc_column][\/vc_row]","og_url":"https:\/\/grupopantoja.com\/pt-pt\/politica-privacidade\/","og_site_name":"PANTOJA Grupo Log\u00edstico","article_publisher":"https:\/\/www.facebook.com\/grupopantoja\/","article_modified_time":"2022-05-11T15:14:05+00:00","og_image":[{"width":685,"height":307,"url":"https:\/\/grupopantoja.com\/wp-content\/uploads\/2019\/11\/Logo-horizontal-blanco.png","type":"image\/png"}],"twitter_card":"summary_large_image","twitter_site":"@pantoja_grupo","twitter_misc":{"Tempo estimado de leitura":"6 minutos"},"schema":{"@context":"https:\/\/schema.org","@graph":[{"@type":"WebPage","@id":"https:\/\/grupopantoja.com\/pt-pt\/politica-privacidade\/","url":"https:\/\/grupopantoja.com\/pt-pt\/politica-privacidade\/","name":"Pol\u00edtica Privacidade - PANTOJA Grupo Log\u00edstico","isPartOf":{"@id":"https:\/\/grupopantoja.com\/#website"},"datePublished":"2022-03-29T17:25:33+00:00","dateModified":"2022-05-11T15:14:05+00:00","breadcrumb":{"@id":"https:\/\/grupopantoja.com\/pt-pt\/politica-privacidade\/#breadcrumb"},"inLanguage":"pt-PT","potentialAction":[{"@type":"ReadAction","target":["https:\/\/grupopantoja.com\/pt-pt\/politica-privacidade\/"]}]},{"@type":"BreadcrumbList","@id":"https:\/\/grupopantoja.com\/pt-pt\/politica-privacidade\/#breadcrumb","itemListElement":[{"@type":"ListItem","position":1,"name":"Portada","item":"https:\/\/grupopantoja.com\/pt-pt\/"},{"@type":"ListItem","position":2,"name":"Pol\u00edtica Privacidade"}]},{"@type":"WebSite","@id":"https:\/\/grupopantoja.com\/#website","url":"https:\/\/grupopantoja.com\/","name":"PANTOJA Grupo Log\u00edstico","description":"Transporte por carretera y log\u00edstica integral","potentialAction":[{"@type":"SearchAction","target":{"@type":"EntryPoint","urlTemplate":"https:\/\/grupopantoja.com\/?s={search_term_string}"},"query-input":{"@type":"PropertyValueSpecification","valueRequired":true,"valueName":"search_term_string"}}],"inLanguage":"pt-PT"}]}},"_links":{"self":[{"href":"https:\/\/grupopantoja.com\/pt-pt\/wp-json\/wp\/v2\/pages\/17947","targetHints":{"allow":["GET"]}}],"collection":[{"href":"https:\/\/grupopantoja.com\/pt-pt\/wp-json\/wp\/v2\/pages"}],"about":[{"href":"https:\/\/grupopantoja.com\/pt-pt\/wp-json\/wp\/v2\/types\/page"}],"author":[{"embeddable":true,"href":"https:\/\/grupopantoja.com\/pt-pt\/wp-json\/wp\/v2\/users\/8"}],"replies":[{"embeddable":true,"href":"https:\/\/grupopantoja.com\/pt-pt\/wp-json\/wp\/v2\/comments?post=17947"}],"version-history":[{"count":3,"href":"https:\/\/grupopantoja.com\/pt-pt\/wp-json\/wp\/v2\/pages\/17947\/revisions"}],"predecessor-version":[{"id":19089,"href":"https:\/\/grupopantoja.com\/pt-pt\/wp-json\/wp\/v2\/pages\/17947\/revisions\/19089"}],"wp:attachment":[{"href":"https:\/\/grupopantoja.com\/pt-pt\/wp-json\/wp\/v2\/media?parent=17947"}],"curies":[{"name":"wp","href":"https:\/\/api.w.org\/{rel}","templated":true}]}}