{"id":24806,"date":"2024-01-17T13:49:08","date_gmt":"2024-01-17T12:49:08","guid":{"rendered":"https:\/\/grupopantoja.com\/compliance\/"},"modified":"2025-04-15T11:56:29","modified_gmt":"2025-04-15T09:56:29","slug":"compliance","status":"publish","type":"page","link":"https:\/\/grupopantoja.com\/fr\/compliance\/","title":{"rendered":"Compliance"},"content":{"rendered":"<div class=\"wpb-content-wrapper\"><p>[vc_row full_width=\u00a0\u00bbstretch_row_content_no_spaces\u00a0\u00bb content_placement=\u00a0\u00bbmiddle\u00a0\u00bb bg_type=\u00a0\u00bbimage\u00a0\u00bb parallax_style=\u00a0\u00bbvcpb-default\u00a0\u00bb bg_image_new=\u00a0\u00bbid^24876|url^https:\/\/grupopantoja.com\/wp-content\/uploads\/2024\/01\/compliance-bg-scaled.jpg|caption^null|alt^compliance bg|title^compliance bg|description^null\u00a0\u00bb bg_image_repeat=\u00a0\u00bbno-repeat\u00a0\u00bb bg_override=\u00a0\u00bbex-full\u00a0\u00bb el_class=\u00a0\u00bbaltura-bg\u00a0\u00bb][vc_column][vc_row_inner][vc_column_inner][vc_column_text]<\/p>\n<h2 style=\"text-align: center;\"><span style=\"font-family: helvetica, arial, sans-serif;\">Compliance<\/span><\/h2>\n<p>[\/vc_column_text][\/vc_column_inner][\/vc_row_inner][\/vc_column][\/vc_row][vc_row full_width=\u00a0\u00bbstretch_row\u00a0\u00bb css=\u00a0\u00bb.vc_custom_1669727627294{margin-top: 0px !important;margin-bottom: 0px !important;}\u00a0\u00bb el_class=\u00a0\u00bb.ancho-fila\u00a0\u00bb][vc_column][vc_row_inner css=\u00a0\u00bb.vc_custom_1648296045905{padding-top: 3% !important;padding-bottom: 5% !important;}\u00a0\u00bb][vc_column_inner width=\u00a0\u00bb1\/2&Prime;]<div id=\"ultimate-heading-65569e1e1d3ad6bb\" class=\"uvc-heading ult-adjust-bottom-margin ultimate-heading-65569e1e1d3ad6bb uvc-4527 \" data-hspacer=\"no_spacer\"  data-halign=\"left\" style=\"text-align:left\"><div class=\"uvc-heading-spacer no_spacer\" style=\"top\"><\/div><div class=\"uvc-sub-heading ult-responsive\"  data-ultimate-target='.uvc-heading.ultimate-heading-65569e1e1d3ad6bb .uvc-sub-heading '  data-responsive-json-new='{\"font-size\":\"desktop:15px;mobile:13px;\",\"line-height\":\"desktop:18px;mobile:15px;\"}'  style=\"font-family:&#039;Raleway&#039;;font-weight:normal;color:#b7b7b7;\">Soluciones \/ <a href=\"https:\/\/grupopantoja.com\/fr\/compliance\/\">Compliance<\/a><\/div><\/div>[vc_empty_space height=\u00a0\u00bb20&Prime;]<div id=\"ultimate-heading-913369e1e1d3ad73b\" class=\"uvc-heading ult-adjust-bottom-margin ultimate-heading-913369e1e1d3ad73b uvc-996 \" data-hspacer=\"no_spacer\"  data-halign=\"left\" style=\"text-align:left\"><div class=\"uvc-heading-spacer no_spacer\" style=\"top\"><\/div><div class=\"uvc-main-heading ult-responsive\"  data-ultimate-target='.uvc-heading.ultimate-heading-913369e1e1d3ad73b h2'  data-responsive-json-new='{\"font-size\":\"desktop:30px;mobile:24px;\",\"line-height\":\"desktop:30px;mobile:24px;\"}' ><h2 style=\"font-family:&#039;Raleway&#039;;font-weight:700;color:#ad9943;margin-bottom:1%;\">#Valeurs et principes du groupe<\/h2><\/div><\/div>[vc_empty_space height=\u00a0\u00bb20&Prime;]<div id=\"ultimate-heading-904969e1e1d3ad7fd\" class=\"uvc-heading ult-adjust-bottom-margin ultimate-heading-904969e1e1d3ad7fd uvc-9341 \" data-hspacer=\"no_spacer\"  data-halign=\"left\" style=\"text-align:left\"><div class=\"uvc-heading-spacer no_spacer\" style=\"top\"><\/div><div class=\"uvc-main-heading ult-responsive\"  data-ultimate-target='.uvc-heading.ultimate-heading-904969e1e1d3ad7fd h2'  data-responsive-json-new='{\"font-size\":\"desktop:30px;tablet:30px;tablet_portrait:30px;mobile_landscape:30px;mobile:24px;\",\"line-height\":\"desktop:35px;tablet:35px;tablet_portrait:35px;mobile_landscape:35px;mobile:30px;\"}' ><h2 style=\"font-family:&#039;Raleway&#039;;font-weight:600;color:#333333;margin-bottom:3%;\">Code de conduite<\/h2><\/div><div class=\"uvc-sub-heading ult-responsive\"  data-ultimate-target='.uvc-heading.ultimate-heading-904969e1e1d3ad7fd .uvc-sub-heading '  data-responsive-json-new='{\"font-size\":\"desktop:18px;mobile:16px;\",\"line-height\":\"desktop:21px;mobile:18px;\"}'  style=\"font-family:&#039;Raleway&#039;;font-weight:normal;color:#333333;\">Son objectif est de d\u00e9terminer <strong>les valeurs, les principes et les normes<\/strong> qui doivent r\u00e9gir le comportement et les performances de chacun des employ\u00e9s et des dirigeants de <strong>PANTOJA Grupo Log\u00edstico<\/strong>. Il s&rsquo;agit d&rsquo;un pilier fondamental du mod\u00e8le de pr\u00e9vention des risques criminels du groupe.<\/p>\n<p><strong>PANTOJA Grupo Log\u00edstico<\/strong> souhaite continuer \u00e0 se d\u00e9velopper en faisant preuve de responsabilit\u00e9 et d&rsquo;engagement envers toutes ses divisions, c&rsquo;est pourquoi ses principes de fonctionnement sont exprim\u00e9s dans sa \u00ab\u00a0Mission\u00a0\u00bb et ses \u00ab\u00a0Valeurs\u00a0\u00bb.<\/div><\/div><div class=\" vc_custom_1705317718615 ubtn-ctn-left \"><a class=\"ubtn-link ult-adjust-bottom-margin ubtn-left ubtn-large \" href=\"https:\/\/grupopantoja.com\/wp-content\/uploads\/2024\/01\/1.a-Codigo-Conducta-FR.pdf\" target=\"_blank\" rel=\"noopener\" ><button type=\"button\" id=\"ubtn-6610\"  class=\"ubtn ult-adjust-bottom-margin ult-responsive ubtn-large ubtn-no-hover-bg  none  ubtn-left   tooltip-69e1e1d3ad85e\"  data-hover=\"\" data-border-color=\"\" data-bg=\"#6fae8e\" data-hover-bg=\"\" data-border-hover=\"\" data-shadow-hover=\"\" data-shadow-click=\"none\" data-shadow=\"\" data-shd-shadow=\"\"  data-ultimate-target='#ubtn-6610'  data-responsive-json-new='{\"font-size\":\"desktop:25px;\",\"line-height\":\"desktop:30px;\"}'  style=\"font-family:&#039;Raleway&#039;;font-weight:600;border-radius:10px;border-width:1px;border-color:;border-style:solid;background: #6fae8e;color: #ffffff;\"><span class=\"ubtn-hover\" style=\"background-color:\"><\/span><span class=\"ubtn-data ubtn-text \" >T\u00e9l\u00e9charger<\/span><\/button><\/a><\/div>[\/vc_column_inner][vc_column_inner width=\u00a0\u00bb1\/2&Prime;][vc_single_image image=\u00a0\u00bb24794&Prime; img_size=\u00a0\u00bbfull\u00a0\u00bb][\/vc_column_inner][\/vc_row_inner][\/vc_column][\/vc_row][vc_row full_width=\u00a0\u00bbstretch_row\u00a0\u00bb bg_type=\u00a0\u00bbbg_color\u00a0\u00bb bg_override=\u00a0\u00bbex-full\u00a0\u00bb css=\u00a0\u00bb.vc_custom_1705080274658{margin-top: 0px !important;margin-bottom: 0px !important;padding-top: 5% !important;padding-bottom: 5% !important;}\u00a0\u00bb el_class=\u00a0\u00bb.ancho-fila\u00a0\u00bb bg_color_value=\u00a0\u00bb#f2f2f2&Prime;][vc_column]<div id=\"ultimate-heading-833169e1e1d3ad8f0\" class=\"uvc-heading ult-adjust-bottom-margin ultimate-heading-833169e1e1d3ad8f0 uvc-2975 \" data-hspacer=\"no_spacer\"  data-halign=\"left\" style=\"text-align:left\"><div class=\"uvc-heading-spacer no_spacer\" style=\"top\"><\/div><div class=\"uvc-main-heading ult-responsive\"  data-ultimate-target='.uvc-heading.ultimate-heading-833169e1e1d3ad8f0 h2'  data-responsive-json-new='{\"font-size\":\"desktop:30px;mobile:24px;\",\"line-height\":\"desktop:30px;mobile:24px;\"}' ><h2 style=\"font-family:&#039;Raleway&#039;;font-weight:600;color:#333333;margin-bottom:1%;\">Compliance<\/h2><\/div><div class=\"uvc-sub-heading ult-responsive\"  data-ultimate-target='.uvc-heading.ultimate-heading-833169e1e1d3ad8f0 .uvc-sub-heading '  data-responsive-json-new='{\"font-size\":\"desktop:18px;mobile:16px;\",\"line-height\":\"desktop:21px;mobile:18px;\"}'  style=\"font-family:&#039;Raleway&#039;;font-weight:normal;color:#333333;\">Nous avons mis en place un canal \u00e9thique, un outil essentiel pour signaler les violations des r\u00e8glements internes, ainsi que d&rsquo;autres qui peuvent constituer des crimes ou des infractions administratives. Ce canal, <strong>g\u00e9r\u00e9 en externe, garantit l&rsquo;ind\u00e9pendance et l&rsquo;objectivit\u00e9<\/strong>.<\/p>\n<p>Cliquez sur le bouton correspondant pour acc\u00e9der au canal de d\u00e9nonciation et \u00e0 la proc\u00e9dure \u00e0 suivre pour l&rsquo;utiliser.<\/div><\/div>[vc_row_inner css=\u00a0\u00bb.vc_custom_1700063775096{padding-top: 3% !important;}\u00a0\u00bb][vc_column_inner width=\u00a0\u00bb4\/12&Prime;][\/vc_column_inner][vc_column_inner width=\u00a0\u00bb4\/12&Prime;]<div class=\" vc_custom_1715868339046 ubtn-ctn-center \"><a class=\"ubtn-link ult-adjust-bottom-margin ubtn-center ubtn-large \" href=\"https:\/\/grupopantoja.canalconformalegal.es\/home?change_language=fr\" ><button type=\"button\" id=\"ubtn-2447\"  class=\"ubtn ult-adjust-bottom-margin ult-responsive ubtn-large ubtn-no-hover-bg  none  ubtn-center   tooltip-69e1e1d3ada1c\"  data-hover=\"\" data-border-color=\"#6fae8e\" data-bg=\"#6fae8e\" data-hover-bg=\"\" data-border-hover=\"#6fae8e\" data-shadow-hover=\"\" data-shadow-click=\"none\" data-shadow=\"\" data-shd-shadow=\"\"  data-ultimate-target='#ubtn-2447'  data-responsive-json-new='{\"font-size\":\"desktop:21px;\",\"line-height\":\"desktop:25px;\"}'  style=\"font-family:&#039;Raleway&#039;;font-weight:600;border-radius:10px;border-width:1px;border-color:#6fae8e;border-style:solid;background: #6fae8e;color: #ffffff;\"><span class=\"ubtn-hover\" style=\"background-color:\"><\/span><span class=\"ubtn-data ubtn-text \" >Canal de signalement<\/span><\/button><\/a><\/div>[\/vc_column_inner][vc_column_inner width=\u00a0\u00bb4\/12&Prime;]<div class=\" vc_custom_1718115970708 ubtn-ctn-center \"><a class=\"ubtn-link ult-adjust-bottom-margin ubtn-center ubtn-large \" href=\"https:\/\/grupopantoja.com\/wp-content\/uploads\/2024\/06\/1.c-Polietica-del-Sistema-Interno-de-Informacioen_FR_compressed.pdf\" target=\"_blank\" rel=\"noopener\" ><button type=\"button\" id=\"ubtn-7349\"  class=\"ubtn ult-adjust-bottom-margin ult-responsive ubtn-large ubtn-no-hover-bg  none  ubtn-center   tooltip-69e1e1d3ada78\"  data-hover=\"\" data-border-color=\"#6fae8e\" data-bg=\"#6fae8e\" data-hover-bg=\"\" data-border-hover=\"#6fae8e\" data-shadow-hover=\"\" data-shadow-click=\"none\" data-shadow=\"\" data-shd-shadow=\"\"  data-ultimate-target='#ubtn-7349'  data-responsive-json-new='{\"font-size\":\"desktop:21px;\",\"line-height\":\"desktop:25px;\"}'  style=\"font-family:&#039;Raleway&#039;;font-weight:600;border-radius:10px;border-width:1px;border-color:#6fae8e;border-style:solid;background: #6fae8e;color: #ffffff;\"><span class=\"ubtn-hover\" style=\"background-color:\"><\/span><span class=\"ubtn-data ubtn-text \" >Proc\u00e9dure d&#039;acc\u00e8s<\/span><\/button><\/a><\/div>[\/vc_column_inner][\/vc_row_inner][\/vc_column][\/vc_row]<\/p>\n<\/div>","protected":false},"excerpt":{"rendered":"<p>[vc_row full_width=\u00a0\u00bbstretch_row_content_no_spaces\u00a0\u00bb content_placement=\u00a0\u00bbmiddle\u00a0\u00bb bg_type=\u00a0\u00bbimage\u00a0\u00bb parallax_style=\u00a0\u00bbvcpb-default\u00a0\u00bb bg_image_new=\u00a0\u00bbid^24876|url^https:\/\/grupopantoja.com\/wp-content\/uploads\/2024\/01\/compliance-bg-scaled.jpg|caption^null|alt^compliance bg|title^compliance bg|description^null\u00a0\u00bb bg_image_repeat=\u00a0\u00bbno-repeat\u00a0\u00bb bg_override=\u00a0\u00bbex-full\u00a0\u00bb el_class=\u00a0\u00bbaltura-bg\u00a0\u00bb][vc_column][vc_row_inner][vc_column_inner][vc_column_text] Compliance [\/vc_column_text][\/vc_column_inner][\/vc_row_inner][\/vc_column][\/vc_row][vc_row full_width=\u00a0\u00bbstretch_row\u00a0\u00bb css=\u00a0\u00bb.vc_custom_1669727627294{margin-top: 0px !important;margin-bottom: 0px !important;}\u00a0\u00bb el_class=\u00a0\u00bb.ancho-fila\u00a0\u00bb][vc_column][vc_row_inner css=\u00a0\u00bb.vc_custom_1648296045905{padding-top: 3% !important;padding-bottom: 5% !important;}\u00a0\u00bb][vc_column_inner width=\u00a0\u00bb1\/2&Prime;][vc_empty_space height=\u00a0\u00bb20&Prime;][vc_empty_space height=\u00a0\u00bb20&Prime;][\/vc_column_inner][vc_column_inner width=\u00a0\u00bb1\/2&Prime;][vc_single_image image=\u00a0\u00bb24794&Prime; img_size=\u00a0\u00bbfull\u00a0\u00bb][\/vc_column_inner][\/vc_row_inner][\/vc_column][\/vc_row][vc_row full_width=\u00a0\u00bbstretch_row\u00a0\u00bb bg_type=\u00a0\u00bbbg_color\u00a0\u00bb bg_override=\u00a0\u00bbex-full\u00a0\u00bb css=\u00a0\u00bb.vc_custom_1705080274658{margin-top: 0px !important;margin-bottom: 0px !important;padding-top: 5% !important;padding-bottom: 5% !important;}\u00a0\u00bb el_class=\u00a0\u00bb.ancho-fila\u00a0\u00bb bg_color_value=\u00a0\u00bb#f2f2f2&Prime;][vc_column][vc_row_inner css=\u00a0\u00bb.vc_custom_1700063775096{padding-top: 3% !important;}\u00a0\u00bb][vc_column_inner width=\u00a0\u00bb4\/12&Prime;][\/vc_column_inner][vc_column_inner width=\u00a0\u00bb4\/12&Prime;][\/vc_column_inner][vc_column_inner&#8230;<\/p>\n","protected":false},"author":8,"featured_media":0,"parent":0,"menu_order":0,"comment_status":"closed","ping_status":"closed","template":"","meta":{"_acf_changed":false,"footnotes":""},"class_list":["post-24806","page","type-page","status-publish","hentry"],"acf":[],"yoast_head":"<!-- This site is optimized with the Yoast SEO plugin v27.4 - https:\/\/yoast.com\/product\/yoast-seo-wordpress\/ -->\n<title>Compliance - PANTOJA Grupo Log\u00edstico<\/title>\n<meta name=\"description\" content=\"Compliance PANTOJA Grupo Log\u00edstico: Nous voulons continuer \u00e0 nous d\u00e9velopper en faisant preuve de responsabilit\u00e9 et d&#039;engagement envers toutes nos divisions.\" \/>\n<meta name=\"robots\" content=\"noindex, nofollow\" \/>\n<meta property=\"og:locale\" content=\"fr_FR\" \/>\n<meta property=\"og:type\" content=\"article\" \/>\n<meta property=\"og:title\" content=\"Compliance - PANTOJA Grupo Log\u00edstico\" \/>\n<meta property=\"og:description\" content=\"Compliance PANTOJA Grupo Log\u00edstico: Nous voulons continuer \u00e0 nous d\u00e9velopper en faisant preuve de responsabilit\u00e9 et d&#039;engagement envers toutes nos divisions.\" \/>\n<meta property=\"og:url\" content=\"https:\/\/grupopantoja.com\/fr\/compliance\/\" \/>\n<meta property=\"og:site_name\" content=\"PANTOJA Grupo Log\u00edstico\" \/>\n<meta property=\"article:publisher\" content=\"https:\/\/www.facebook.com\/grupopantoja\/\" \/>\n<meta property=\"article:modified_time\" content=\"2025-04-15T09:56:29+00:00\" \/>\n<meta property=\"og:image\" content=\"https:\/\/grupopantoja.com\/wp-content\/uploads\/2019\/11\/Logo-horizontal-blanco.png\" \/>\n\t<meta property=\"og:image:width\" content=\"685\" \/>\n\t<meta property=\"og:image:height\" content=\"307\" \/>\n\t<meta property=\"og:image:type\" content=\"image\/png\" \/>\n<meta name=\"twitter:card\" content=\"summary_large_image\" \/>\n<meta name=\"twitter:site\" content=\"@pantoja_grupo\" \/>\n<meta name=\"twitter:label1\" content=\"Dur\u00e9e de lecture estim\u00e9e\" \/>\n\t<meta name=\"twitter:data1\" content=\"2 minutes\" \/>\n<script type=\"application\/ld+json\" class=\"yoast-schema-graph\">{\"@context\":\"https:\\\/\\\/schema.org\",\"@graph\":[{\"@type\":\"WebPage\",\"@id\":\"https:\\\/\\\/grupopantoja.com\\\/fr\\\/compliance\\\/\",\"url\":\"https:\\\/\\\/grupopantoja.com\\\/fr\\\/compliance\\\/\",\"name\":\"Compliance - PANTOJA Grupo Log\u00edstico\",\"isPartOf\":{\"@id\":\"https:\\\/\\\/grupopantoja.com\\\/#website\"},\"datePublished\":\"2024-01-17T12:49:08+00:00\",\"dateModified\":\"2025-04-15T09:56:29+00:00\",\"description\":\"Compliance PANTOJA Grupo Log\u00edstico: Nous voulons continuer \u00e0 nous d\u00e9velopper en faisant preuve de responsabilit\u00e9 et d'engagement envers toutes nos divisions.\",\"breadcrumb\":{\"@id\":\"https:\\\/\\\/grupopantoja.com\\\/fr\\\/compliance\\\/#breadcrumb\"},\"inLanguage\":\"fr-FR\",\"potentialAction\":[{\"@type\":\"ReadAction\",\"target\":[\"https:\\\/\\\/grupopantoja.com\\\/fr\\\/compliance\\\/\"]}]},{\"@type\":\"BreadcrumbList\",\"@id\":\"https:\\\/\\\/grupopantoja.com\\\/fr\\\/compliance\\\/#breadcrumb\",\"itemListElement\":[{\"@type\":\"ListItem\",\"position\":1,\"name\":\"Portada\",\"item\":\"https:\\\/\\\/grupopantoja.com\\\/fr\\\/\"},{\"@type\":\"ListItem\",\"position\":2,\"name\":\"Compliance\"}]},{\"@type\":\"WebSite\",\"@id\":\"https:\\\/\\\/grupopantoja.com\\\/#website\",\"url\":\"https:\\\/\\\/grupopantoja.com\\\/\",\"name\":\"PANTOJA Grupo Log\u00edstico\",\"description\":\"Transporte por carretera y log\u00edstica integral\",\"potentialAction\":[{\"@type\":\"SearchAction\",\"target\":{\"@type\":\"EntryPoint\",\"urlTemplate\":\"https:\\\/\\\/grupopantoja.com\\\/?s={search_term_string}\"},\"query-input\":{\"@type\":\"PropertyValueSpecification\",\"valueRequired\":true,\"valueName\":\"search_term_string\"}}],\"inLanguage\":\"fr-FR\"}]}<\/script>\n<!-- \/ Yoast SEO plugin. -->","yoast_head_json":{"title":"Compliance - PANTOJA Grupo Log\u00edstico","description":"Compliance PANTOJA Grupo Log\u00edstico: Nous voulons continuer \u00e0 nous d\u00e9velopper en faisant preuve de responsabilit\u00e9 et d'engagement envers toutes nos divisions.","robots":{"index":"noindex","follow":"nofollow"},"og_locale":"fr_FR","og_type":"article","og_title":"Compliance - PANTOJA Grupo Log\u00edstico","og_description":"Compliance PANTOJA Grupo Log\u00edstico: Nous voulons continuer \u00e0 nous d\u00e9velopper en faisant preuve de responsabilit\u00e9 et d'engagement envers toutes nos divisions.","og_url":"https:\/\/grupopantoja.com\/fr\/compliance\/","og_site_name":"PANTOJA Grupo Log\u00edstico","article_publisher":"https:\/\/www.facebook.com\/grupopantoja\/","article_modified_time":"2025-04-15T09:56:29+00:00","og_image":[{"width":685,"height":307,"url":"https:\/\/grupopantoja.com\/wp-content\/uploads\/2019\/11\/Logo-horizontal-blanco.png","type":"image\/png"}],"twitter_card":"summary_large_image","twitter_site":"@pantoja_grupo","twitter_misc":{"Dur\u00e9e de lecture estim\u00e9e":"2 minutes"},"schema":{"@context":"https:\/\/schema.org","@graph":[{"@type":"WebPage","@id":"https:\/\/grupopantoja.com\/fr\/compliance\/","url":"https:\/\/grupopantoja.com\/fr\/compliance\/","name":"Compliance - PANTOJA Grupo Log\u00edstico","isPartOf":{"@id":"https:\/\/grupopantoja.com\/#website"},"datePublished":"2024-01-17T12:49:08+00:00","dateModified":"2025-04-15T09:56:29+00:00","description":"Compliance PANTOJA Grupo Log\u00edstico: Nous voulons continuer \u00e0 nous d\u00e9velopper en faisant preuve de responsabilit\u00e9 et d'engagement envers toutes nos divisions.","breadcrumb":{"@id":"https:\/\/grupopantoja.com\/fr\/compliance\/#breadcrumb"},"inLanguage":"fr-FR","potentialAction":[{"@type":"ReadAction","target":["https:\/\/grupopantoja.com\/fr\/compliance\/"]}]},{"@type":"BreadcrumbList","@id":"https:\/\/grupopantoja.com\/fr\/compliance\/#breadcrumb","itemListElement":[{"@type":"ListItem","position":1,"name":"Portada","item":"https:\/\/grupopantoja.com\/fr\/"},{"@type":"ListItem","position":2,"name":"Compliance"}]},{"@type":"WebSite","@id":"https:\/\/grupopantoja.com\/#website","url":"https:\/\/grupopantoja.com\/","name":"PANTOJA Grupo Log\u00edstico","description":"Transporte por carretera y log\u00edstica integral","potentialAction":[{"@type":"SearchAction","target":{"@type":"EntryPoint","urlTemplate":"https:\/\/grupopantoja.com\/?s={search_term_string}"},"query-input":{"@type":"PropertyValueSpecification","valueRequired":true,"valueName":"search_term_string"}}],"inLanguage":"fr-FR"}]}},"_links":{"self":[{"href":"https:\/\/grupopantoja.com\/fr\/wp-json\/wp\/v2\/pages\/24806","targetHints":{"allow":["GET"]}}],"collection":[{"href":"https:\/\/grupopantoja.com\/fr\/wp-json\/wp\/v2\/pages"}],"about":[{"href":"https:\/\/grupopantoja.com\/fr\/wp-json\/wp\/v2\/types\/page"}],"author":[{"embeddable":true,"href":"https:\/\/grupopantoja.com\/fr\/wp-json\/wp\/v2\/users\/8"}],"replies":[{"embeddable":true,"href":"https:\/\/grupopantoja.com\/fr\/wp-json\/wp\/v2\/comments?post=24806"}],"version-history":[{"count":6,"href":"https:\/\/grupopantoja.com\/fr\/wp-json\/wp\/v2\/pages\/24806\/revisions"}],"predecessor-version":[{"id":34023,"href":"https:\/\/grupopantoja.com\/fr\/wp-json\/wp\/v2\/pages\/24806\/revisions\/34023"}],"wp:attachment":[{"href":"https:\/\/grupopantoja.com\/fr\/wp-json\/wp\/v2\/media?parent=24806"}],"curies":[{"name":"wp","href":"https:\/\/api.w.org\/{rel}","templated":true}]}}