{"id":18932,"date":"2022-03-16T17:36:14","date_gmt":"2022-03-16T16:36:14","guid":{"rendered":"https:\/\/grupopantoja.com\/rsc\/"},"modified":"2022-05-08T14:31:05","modified_gmt":"2022-05-08T12:31:05","slug":"rsc","status":"publish","type":"page","link":"https:\/\/grupopantoja.com\/fr\/rsc\/","title":{"rendered":"RSC"},"content":{"rendered":"<div class=\"wpb-content-wrapper\"><p>[vc_row full_width=\u00a0\u00bbstretch_row_content_no_spaces\u00a0\u00bb content_placement=\u00a0\u00bbmiddle\u00a0\u00bb bg_type=\u00a0\u00bbimage\u00a0\u00bb parallax_style=\u00a0\u00bbvcpb-default\u00a0\u00bb bg_image_new=\u00a0\u00bbid^18745|url^https:\/\/grupopantoja.com\/wp-content\/uploads\/2022\/04\/rsc.jpg|caption^null|alt^null|title^rsc|description^null\u00a0\u00bb bg_image_repeat=\u00a0\u00bbno-repeat\u00a0\u00bb bg_override=\u00a0\u00bbex-full\u00a0\u00bb el_class=\u00a0\u00bbaltura-bg\u00a0\u00bb][vc_column][vc_row_inner][vc_column_inner][vc_column_text]<\/p>\n<h2 style=\"text-align: center;\"><span style=\"font-family: helvetica, arial, sans-serif;\"> Actions de responsabilit\u00e9 sociale<\/span><\/h2>\n<p>[\/vc_column_text][\/vc_column_inner][\/vc_row_inner][\/vc_column][\/vc_row][vc_row][vc_column css=\u00a0\u00bb.vc_custom_1649171270000{padding-top: 3% !important;padding-bottom: 3% !important;}\u00a0\u00bb][vc_empty_space]<div id=\"ultimate-heading-559969e7316b645ec\" class=\"uvc-heading ult-adjust-bottom-margin ultimate-heading-559969e7316b645ec uvc-7164 \" data-hspacer=\"no_spacer\"  data-halign=\"left\" style=\"text-align:left\"><div class=\"uvc-heading-spacer no_spacer\" style=\"top\"><\/div><div class=\"uvc-sub-heading ult-responsive\"  data-ultimate-target='.uvc-heading.ultimate-heading-559969e7316b645ec .uvc-sub-heading '  data-responsive-json-new='{\"font-size\":\"desktop:20px;\",\"line-height\":\"desktop:23px;\"}'  style=\"font-family:&#039;Raleway&#039;;font-weight:500;color:#333333;margin-bottom:3%;\">En soutenant ces initiatives, nous voulons promouvoir l&rsquo;am\u00e9lioration de l&rsquo;environnement social dans l&rsquo;int\u00e9r\u00eat d&rsquo;une plus grande \u00e9quit\u00e9, de l&rsquo;augmentation de la qualit\u00e9 de vie des personnes et de l&rsquo;am\u00e9lioration de l&rsquo;environnement dans lequel nous vivons. La politique de responsabilit\u00e9 sociale nous aide \u00e0 promouvoir des changements d&rsquo;attitudes et de valeurs en interne et en externe, ce qui conduira \u00e0 un plus grand engagement de chacun d&rsquo;entre nous pour am\u00e9liorer la soci\u00e9t\u00e9.<\/p>\n<p>Dans cette section, vous trouverez les actions les plus pertinentes auxquelles nous avons particip\u00e9 ou qui ont \u00e9t\u00e9 d\u00e9velopp\u00e9es, ainsi qu&rsquo;une section d&rsquo;actualit\u00e9s qui montrera les derni\u00e8res actions ou leurs mises \u00e0 jour.<\/div><\/div>[\/vc_column][\/vc_row][vc_row full_width=\u00a0\u00bbstretch_row\u00a0\u00bb bg_type=\u00a0\u00bbbg_color\u00a0\u00bb bg_override=\u00a0\u00bbex-full\u00a0\u00bb css=\u00a0\u00bb.vc_custom_1647449449002{padding-right: 3% !important;padding-left: 3% !important;}\u00a0\u00bb bg_color_value=\u00a0\u00bb#f2f2f2&Prime;][vc_column width=\u00a0\u00bb1\/6&Prime;][\/vc_column][vc_column width=\u00a0\u00bb2\/3&Prime; css=\u00a0\u00bb.vc_custom_1647449323406{padding-top: 3% !important;padding-bottom: 5% !important;}\u00a0\u00bb][vc_column_text]<style>\n\/*===== general options =========*\/\na {\n    box-shadow: none !important;\n}\n\n.view *:not(i), .album_categories *, .album_back_button *, #album_disabled_layer {\n    font-family: sans-serif, Arial, Verdana, Sylfaen !important;\n}\n\n#album_disabled_layer {\n    display: none;\n    position: absolute;\n    width: 100%;\n    height: 100%;\n    text-align: center;\n    background-color: transparent;\n    z-index: 10;\n    padding-top: 20px;\n    color: #fff;\n}\n\n#album_list_container {\n    position: relative;\n}\n\n\/* ====================== album onhover styles ==========================*\/\n\n#album_list .view {\n    -webkit-box-sizing: border-box;\n    -moz-box-sizing: border-box;\n    -o-box-sizing: border-box;\n    display: none;\n\n}\n\n.view .mask,\n.view .content {\n    width: 100%;\n    height: 100%;\n    position: absolute;\n    overflow: hidden;\n    top: 0;\n    left: 0;\n}\n\n.view h2 {\n    text-transform: uppercase;\n    color: #fff;\n    text-align: center;\n    position: relative;\n    font-size: 17px;\n    font-family: Raleway, serif;\n    padding: 10px;\n    \/*background: rgba(0, 0, 0, 0.8);*\/\n    margin: 20px 0 0 0;\n\n}\n\n.album_back_button a, .view a {\n    text-decoration: none !important;\n}\n\n.view p {\n    font-family: Merriweather, serif;\n    font-style: italic;\n    font-size: 14px;\n    position: relative;\n    color: #fff;\n    padding: 0px 20px 0px;\n    text-align: center;\n\n}\n\n.view a.info {\n    display: inline-block;\n    text-decoration: none;\n    font-size: 13px;\n    padding: 2px 14px;\n    margin-bottom: 3px;\n    background: #000;\n    color: #fff;\n    font-family: Raleway, serif;\n    text-transform: uppercase;\n    box-shadow: 0 0 1px #000\n}\n\n.mask-text h2 {\n    font-size: 20px !important;\n}\n\n.view a.info:hover {\n    box-shadow: 0 0 5px #000\n}\n\n.view .mask-bg {\n    height: 100%;\n}\n\n.view .album_social {\n    color: #fff;\n    position: absolute;\n    bottom: 3px;\n    left: 3px;\n    border: 1px solid #ffffff;\n    -webkit-border-radius: 3px;\n    -moz-border-radius: 3px;\n    border-radius: 3px;\n    padding: 3px 5px;\n\n}\n\n.view .album_social:active, .view .album_social:focus, .view .album_social:hover {\n    color: #ffffff;\n    outline: none;\n}\n\n\/*1*\/\n\n.view .info {\n    margin-top: 5px;\n}\n\n.view-first .mask {\n    opacity: 0;\n    background-color: rgba(0, 0, 0, 0.7);\n    transition: all 0.4s ease-in-out;\n\n}\n\n.view-first h2 {\n    transform: translateY(-100px);\n    opacity: 0;\n    font-family: Raleway, serif;\n    transition: all 0.2s ease-in-out;\n}\n\n.view-first p {\n    transform: translateY(100px);\n    opacity: 0;\n    transition: all 0.2s linear;\n}\n\n.view-first a.info {\n    opacity: 0;\n    transition: all 0.2s ease-in-out;\n}\n\n\/* *\/\n\n.view-first:hover img {\n    \/*transform: scale(1.1);*\/\n}\n\n.view-first:hover .mask {\n    opacity: 1;\n}\n\n.view-first:hover h2,\n.view-first:hover p,\n.view-first:hover a.info {\n    opacity: 1;\n    transform: translateY(0px);\n}\n\n.view-first:hover p {\n    transition-delay: 0.1s;\n}\n\n.view-first:hover a.info {\n    transition-delay: 0.2s;\n}\n\n\/*2*\/\n.view-second img {\n    -webkit-filter: grayscale(0) blur(0);\n    filter: grayscale(0) blur(0);\n    -webkit-transition: .3s ease-in-out;\n    transition: .3s ease-in-out;\n}\n\n.view-second .mask {\n    background-color: rgba(226, 200, 127, 0.2);\n    transition: all 0.5s linear;\n    opacity: 0;\n}\n\n.view-second h2 {\n    background: transparent;\n    margin: 20px 40px 0px 40px;\n    transform: scale(0);\n    color: #333;\n    transition: all 0.5s linear;\n    opacity: 0;\n}\n\n.view-second p {\n    opacity: 0;\n    transform: scale(0);\n    transition: all 0.5s linear;\n}\n\n.view-second a.info {\n    opacity: 0;\n    transform: scale(0);\n    transition: all 0.5s linear;\n}\n\n.view-second:hover img {\n    -webkit-filter: grayscale(100%) blur(3px);\n    filter: grayscale(100%) blur(3px);\n}\n\n.view-second:hover .mask {\n    opacity: 1;\n}\n\n.view-second:hover h2,\n.view-second:hover p,\n.view-second:hover a.info {\n    transform: scale(1);\n    opacity: 1;\n}\n\n.view-second img {\n    -webkit-filter: grayscale(0) blur(0);\n    filter: grayscale(0) blur(0);\n    -webkit-transition: .3s ease-in-out;\n    transition: .3s ease-in-out;\n}\n\n.view-second:hover img {\n    -webkit-filter: grayscale(100%) blur(3px);\n    filter: grayscale(100%) blur(3px);\n}\n\n\/*3*\/\n\n.view-third img {\n    transform: scaleY(1);\n    transition: all .7s ease-in-out;\n}\n\n.view-third a.info {\n    opacity: 0;\n    transform: scale(0);\n    transition: all 0.5s linear;\n}\n\n.view-third:hover img {\n    -webkit-transform: scale(10);\n    transform: scale(10);\n    opacity: 0;\n}\n\n.view-third:hover .mask {\n    opacity: 1;\n}\n\n.view-third:hover h2,\n.view-third:hover p,\n.view-third:hover a.info {\n    transform: scale(1);\n    opacity: 1;\n}\n\n\/* ==== view 4 ===*\/\n\n.view-forth-wrapper {\n    overflow: hidden;\n    position: relative !important;\n    height: 100%;\n    \/* cursor: pointer;*\/\n}\n\n.view-forth img {\n    max-width: 100%;\n    position: relative;\n    top: 0;\n    -webkit-transition: all 600ms cubic-bezier(0.645, 0.045, 0.355, 1);\n    transition: all 600ms cubic-bezier(0.645, 0.045, 0.355, 1);\n}\n\n.view-forth .mask {\n    position: absolute;\n    width: 100%;\n    \/*    height: 70px;*\/\n    \/*    bottom: -70px;*\/\n    height: 50%;\n    bottom: -50%;\n    -webkit-transition: all 300ms cubic-bezier(0.645, 0.045, 0.355, 1);\n    transition: all 300ms cubic-bezier(0.645, 0.045, 0.355, 1);\n    top: inherit;\n}\n\n.view-forth:hover .mask {\n    bottom: 0;\n}\n\n.view-forth:hover img {\n    top: -30px;\n}\n\n\/*==  view 5 ==*\/\n\n.view-fifth .view-fifth-wrapper,\n.view-fifth .view-fifth-wrapper img {\n    display: block;\n    position: relative;\n}\n\n.view-fifth .view-fifth-wrapper {\n    overflow: hidden;\n    height: 100%;\n}\n\n.view-fifth .view-fifth-wrapper .mask {\n    display: none;\n    position: absolute;\n    background: #333;\n    background: rgba(75, 75, 75, 0.7);\n    width: 100%;\n    height: 100%;\n}\n\n\/* ====================== album category styles ==========================*\/\n\n#filters {\n    margin: 1% 0;\n    padding: 0;\n    list-style: none;\n    list-style-type: none !important;\n\n}\n\n#filters li {\n    float: left;\n    list-style-type: none !important;\n}\n\n#filters li:first-child span {\n    margin-left: 0px;\n}\n\n#filters li span {\n    display: block;\n    text-decoration: none;\n    cursor: pointer;\n}\n\n.album_categories {\n    list-style-type: none;\n    margin: 0;\n    padding: 0;\n    overflow: hidden;\n    padding-top: 5px;\n}\n\n\/*=========  sharing buttons  ============*\/\n\n.album_socials {\n    position: relative;\n    top: 3px;\n    width: 100px;\n    height: 28px;\n    margin: 0 auto;\n}\n\n.album_socials .rwd-share-buttons {\n    top: 0px !important;\n    width: 100% !important;\n    margin: 0px !important;\n}\n\n.album_socials a {\n    text-decoration: underline !important;\n}\n\n.gallery_images, .album_image_place {\n    margin-top: 15px;\n    margin-top: 15px;\n}\n\n#rwd-share-facebook:hover {\n    background-position: 0 -31px !important;\n}\n\n#rwd-share-twitter:hover {\n    background-position: -31px 32px !important;\n}\n\n#rwd-share-googleplus:hover {\n    background-position: -66px -31px !important;\n}\n\n.rwd-share-buttons li, .rwd-share-buttons li a {\n    width: 26px !important;\n    border: 0px !important;\n}\n\n.rwd-share-buttons {\n    top: 0 !important;\n}\n\n.img_link_btn {\n    position: absolute;\n    z-index: 99999;\n    bottom: 0;\n    left: 0;\n    right: 0;\n    width: 100%;\n    padding: 8px;\n}\n\n.rwd-title {\n    padding: 10px 0px !important;\n}\n\n@media only screen and (max-width: 475px) {\n    .rwd-share-buttons {\n        top: -25px !important;\n    }\n\n    .rwd-title-text {\n        line-height: 15px;\n    }\n}\n\n\/*=========  hover style ===========*\/\n\n#hover {\n    color: rgba(188, 175, 204, 0.9);\n}\n\nh2#testimonials {\n    color: #fffae3;\n}\n\ndiv#all {\n    width: 100%;\n    height: 100%;\n}\n\n.view img {\n    height: auto;\n}\n\n.view {\n    color: #fff;\n    margin: 0 10px 10px 0;\n    overflow: hidden;\n    position: relative;\n    text-align: center;\n    float: left;\n    cursor: default;\n    border: 1px solid #ccc;\n}\n\n.view-wrapper {\n    height: 100%;\n}\n\n.view img {\n    display: block;\n    position: relative;\n    transition: all 0.2s linear;\n    height: 100%;\n    width: auto;\n    max-width: 100%;\n    margin: 0 auto;\n}\n\n.mask-text h2 {\n    font-size: 20px !important;\n    margin-top: 20px !important;\n}\n\n\/* view 1 *\/\n\n.view-first .text-category, .view-first .mask-text h2, .view-first .mask-text p {\n    color: #fff;\n}\n\n\/*  view 2 *\/\n.view-second .text-category, .view-second .mask-text h2, .view-second p {\n    color: #333;\n}\n\n.view-second .mask-text h2 {\n    border-bottom: 1px solid #333;\n}\n\n\/* view 3*\/\n.view-third .mask {\n    background-color: #ccc;\n    transition: all 0.5s linear;\n    opacity: 0;\n    color: #333;\n}\n\n.view-third h2 {\n    border-bottom: 1px solid #333;\n    background: transparent;\n    margin: 20px 40px 0px 40px;\n    transform: scale(0);\n    color: #333;\n    transition: all 0.5s linear;\n    opacity: 0;\n}\n\n.view-third p {\n    color: #333;\n    opacity: 0;\n    transform: scale(0);\n    transition: all 0.5s linear;\n}\n\n.view-third .text-category {\n    color: #333;\n}\n\n\/* view 4 *\/\n\n.view-forth .mask-bg {\n    background: #333;\n    width: 100%;\n    height: 100%;\n    position: absolute;\n    top: 0;\n    left: 0;\n}\n\n.view-forth .mask-text {\n    color: #fff;\n    position: relative;\n    z-index: 500;\n    padding: 5px 8px;\n}\n\n.view-forth .mask-text h2 {\n    margin: 0px;\n    font-size: 13px;\n    padding: 2px;\n    color: #fff;\n}\n\n.view-forth .mask-text h2:hover {\n    cursor: pointer;\n}\n\n.view-forth .text-category {\n    display: block;\n    font-size: 15px;\n    color: #fff;\n}\n\n.view-forth p {\n    color: #fff;\n}\n\n\/* view 5 *\/\n.view-fifth .text-category, .view-fifth .text-category *, .view-fifth .mask-text h2, .view-fifth .mask-text p {\n    color: #fff;\n}\n\n<\/style><section id=\"huge_it_gallery_container_1\" data-image-object-name=\"gallery_images_obj_1\">\n\t<div id=\"huge_it_gallery_content_1\"\n\t\t class=\"gallery-img-content elastic_grid view-elastic-grid\"\n         data-pages-count=\"4\"\n         data-content-per-page=\"5\"\n         data-current-page=\"2\"\n\t\t data-image-behaviour=\"crop\">\n\n\t<\/div>\n\t<\/section><style>\n#huge_it_gallery_container_1 .paginate {\n    font-size: 22px !important;\n    color: #1046B3 !important;\n    text-align: center;\n    margin-top: 15px;\n}\n\n#huge_it_gallery_container_1 .paginate5 {\n    border-bottom: none !important;\n}\n\n#huge_it_gallery_container_1 .icon-style {\n    font-size: 18px !important;\n    color: #1046B3 !important;\n}\n\n#huge_it_gallery_container_1 {\n    position: relative;\n    display: inline-block;\n    width: 100%;\n}\n\n#huge_it_gallery_container_1 {\n    position: relative;\n    display: inline-block;\n    width: 100%;\n}\n\n#huge_it_gallery_content_1 .wagwep-container {\n    display: none;\n}\n\n#huge_it_gallery_content_1 ul.og-grid {\n    padding: 0;\n text-align: center;\n}\n\n#huge_it_gallery_content_1 .og-grid > li {\n    width: 250px;\n    height: 250px;\n margin: 10px 5px 0 5px;\n}\n\n#huge_it_gallery_content_1 .og-grid > li > a {\n    width: 100%;\n    height: 100%;\n    overflow: hidden;\n    box-shadow: none;\n    max-height: 250px;\n    border: solid # DEDEDE 0 px;\n}\n\n#huge_it_gallery_content_1 .og-grid li > a > img {\n max-width: none;\n    max-height: none;\n}\n\n#huge_it_gallery_content_1 .og-grid > li > a > figure > span {\n    padding: 10px 0;\n    margin: 40px 20px 20px 20px;\n    color: #FFFFFF;\n    border-bottom: solid # FFFFFF 1 px;\n    font-size: 16px;\n    text-align: center;\n}\n\n#huge_it_gallery_content_1 .og-grid > li .og-pointer {\n    border-bottom-color: #222222;\n}\n\n#huge_it_gallery_content_1 .og-grid > li > a > figure {\n    background: rgba(72,72,72,0.7) ;\n    margin: 0;\n}\n\n#huge_it_gallery_content_1 .og-expander {\n    width: 100%;\n    background: rgba(34,34,34,1) ;\n left: 50%;\n    transform: translateX(-50%);\n}\n\n#huge_it_gallery_content_1 .og-expander .infosep {\n    display: none;\n}\n\n#huge_it_gallery_content_1 .og-expander .elastislide-wrapper {\n}\n\n#huge_it_gallery_content_1 .og-expander ul.elastislide-list {\n    padding: 0;\n}\n\n#huge_it_gallery_content_1 .og-expander ul.elastislide-list li > a > img.selected {\n    border: 2px solid #999999;\n}\n\n#huge_it_gallery_content_1 .og-expander ul.elastislide-list li > a {\n    width: 100%;\n    height: 100%;\n}\n\n#huge_it_gallery_content_1 .og-expander .og-details a.link-button {\n    font-size: 11px;\n    color: #9f9f9f;\n    background-color: #454545;\n    box-shadow: none;\n    text-decoration: none;\n}\n\n#huge_it_gallery_content_1 .og-expander .og-details a.link-button:hover {\n    color: #999;\n    background: -webkit-gradient(\n            linear, left top, left bottom,\n            from(#454545),\n            to(#131313));\n}\n\n#huge_it_gallery_content_1 .og-expander .og-expander-inner {\n    display: inline-block;\n    width: 100%;\n}\n\n#huge_it_gallery_content_1 .og-expander .og-details p {\n    font-size: 13px;\n    color: #999;\n    text-align: left;\n    margin: 0;\n}\n\n#huge_it_gallery_content_1 .og-expander .og-details p ul {\n    margin-left: 20px;\n}\n\n#huge_it_gallery_content_1 .og-expander .og-details p li {\n    display: list-item;\n}\n\n#huge_it_gallery_content_1 .og-expander .og-close {\n    z-index: 999;\n}\n\n#huge_it_gallery_content_1 .og-expander .og-details {\n    float: right;\n    height: auto;\n}\n\n#huge_it_gallery_content_1 .og-expander .og-details > h3 {\n    color: #FFFFFF;\n    font-size: 35px;\n}\n\n#huge_it_gallery_content_1 .og-fullimg {\n    height: 100%;\n    float: left;\n}\n\n#huge_it_gallery_content_1 .og-fullimg img {\n    margin-bottom: 25px;\n    width: 100%;\n}\n\n#huge_it_gallery_content_1 .og-fullimg iframe {\n    width: 100%;\n    border: none;\n}\n\n@media (max-width: 767px) {\n    #huge_it_gallery_content_1 .og-fullimg {\n        height: auto;\n    }\n}\n\n<\/style>[\/vc_column_text][\/vc_column][vc_column width=\u00a0\u00bb1\/6&Prime;][\/vc_column][\/vc_row]<\/p>\n<\/div>","protected":false},"excerpt":{"rendered":"<p>[vc_row full_width=\u00a0\u00bbstretch_row_content_no_spaces\u00a0\u00bb content_placement=\u00a0\u00bbmiddle\u00a0\u00bb bg_type=\u00a0\u00bbimage\u00a0\u00bb parallax_style=\u00a0\u00bbvcpb-default\u00a0\u00bb bg_image_new=\u00a0\u00bbid^18745|url^https:\/\/grupopantoja.com\/wp-content\/uploads\/2022\/04\/rsc.jpg|caption^null|alt^null|title^rsc|description^null\u00a0\u00bb bg_image_repeat=\u00a0\u00bbno-repeat\u00a0\u00bb bg_override=\u00a0\u00bbex-full\u00a0\u00bb el_class=\u00a0\u00bbaltura-bg\u00a0\u00bb][vc_column][vc_row_inner][vc_column_inner][vc_column_text] Actions de responsabilit\u00e9 sociale [\/vc_column_text][\/vc_column_inner][\/vc_row_inner][\/vc_column][\/vc_row][vc_row][vc_column css=\u00a0\u00bb.vc_custom_1649171270000{padding-top: 3% !important;padding-bottom: 3% !important;}\u00a0\u00bb][vc_empty_space][\/vc_column][\/vc_row][vc_row full_width=\u00a0\u00bbstretch_row\u00a0\u00bb bg_type=\u00a0\u00bbbg_color\u00a0\u00bb bg_override=\u00a0\u00bbex-full\u00a0\u00bb css=\u00a0\u00bb.vc_custom_1647449449002{padding-right: 3% !important;padding-left: 3% !important;}\u00a0\u00bb bg_color_value=\u00a0\u00bb#f2f2f2&Prime;][vc_column width=\u00a0\u00bb1\/6&Prime;][\/vc_column][vc_column width=\u00a0\u00bb2\/3&Prime; css=\u00a0\u00bb.vc_custom_1647449323406{padding-top: 3% !important;padding-bottom: 5% !important;}\u00a0\u00bb][vc_column_text][\/vc_column_text][\/vc_column][vc_column width=\u00a0\u00bb1\/6&Prime;][\/vc_column][\/vc_row]<\/p>\n","protected":false},"author":8,"featured_media":0,"parent":0,"menu_order":0,"comment_status":"closed","ping_status":"closed","template":"","meta":{"_acf_changed":false,"footnotes":""},"class_list":["post-18932","page","type-page","status-publish","hentry"],"acf":[],"yoast_head":"<!-- This site is optimized with the Yoast SEO plugin v27.4 - https:\/\/yoast.com\/product\/yoast-seo-wordpress\/ -->\n<title>RSC - PANTOJA Grupo Log\u00edstico<\/title>\n<meta name=\"description\" content=\"Pensamos que tenemos la responsabilidad social de promover la mejora del entorno social en aras de una mayor equidad.\" \/>\n<meta name=\"robots\" content=\"index, follow, max-snippet:-1, max-image-preview:large, max-video-preview:-1\" \/>\n<link rel=\"canonical\" href=\"https:\/\/grupopantoja.com\/fr\/rsc\/\" \/>\n<meta property=\"og:locale\" content=\"fr_FR\" \/>\n<meta property=\"og:type\" content=\"article\" \/>\n<meta property=\"og:title\" content=\"RSC - PANTOJA Grupo Log\u00edstico\" \/>\n<meta property=\"og:description\" content=\"Pensamos que tenemos la responsabilidad social de promover la mejora del entorno social en aras de una mayor equidad.\" \/>\n<meta property=\"og:url\" content=\"https:\/\/grupopantoja.com\/fr\/rsc\/\" \/>\n<meta property=\"og:site_name\" content=\"PANTOJA Grupo Log\u00edstico\" \/>\n<meta property=\"article:publisher\" content=\"https:\/\/www.facebook.com\/grupopantoja\/\" \/>\n<meta property=\"article:modified_time\" content=\"2022-05-08T12:31:05+00:00\" \/>\n<meta property=\"og:image\" content=\"https:\/\/grupopantoja.com\/wp-content\/uploads\/2019\/11\/Logo-horizontal-blanco.png\" \/>\n\t<meta property=\"og:image:width\" content=\"685\" \/>\n\t<meta property=\"og:image:height\" content=\"307\" \/>\n\t<meta property=\"og:image:type\" content=\"image\/png\" \/>\n<meta name=\"twitter:card\" content=\"summary_large_image\" \/>\n<meta name=\"twitter:site\" content=\"@pantoja_grupo\" \/>\n<meta name=\"twitter:label1\" content=\"Dur\u00e9e de lecture estim\u00e9e\" \/>\n\t<meta name=\"twitter:data1\" content=\"1 minute\" \/>\n<script type=\"application\/ld+json\" class=\"yoast-schema-graph\">{\"@context\":\"https:\\\/\\\/schema.org\",\"@graph\":[{\"@type\":\"WebPage\",\"@id\":\"https:\\\/\\\/grupopantoja.com\\\/fr\\\/rsc\\\/\",\"url\":\"https:\\\/\\\/grupopantoja.com\\\/fr\\\/rsc\\\/\",\"name\":\"RSC - PANTOJA Grupo Log\u00edstico\",\"isPartOf\":{\"@id\":\"https:\\\/\\\/grupopantoja.com\\\/#website\"},\"datePublished\":\"2022-03-16T16:36:14+00:00\",\"dateModified\":\"2022-05-08T12:31:05+00:00\",\"description\":\"Pensamos que tenemos la responsabilidad social de promover la mejora del entorno social en aras de una mayor equidad.\",\"breadcrumb\":{\"@id\":\"https:\\\/\\\/grupopantoja.com\\\/fr\\\/rsc\\\/#breadcrumb\"},\"inLanguage\":\"fr-FR\",\"potentialAction\":[{\"@type\":\"ReadAction\",\"target\":[\"https:\\\/\\\/grupopantoja.com\\\/fr\\\/rsc\\\/\"]}]},{\"@type\":\"BreadcrumbList\",\"@id\":\"https:\\\/\\\/grupopantoja.com\\\/fr\\\/rsc\\\/#breadcrumb\",\"itemListElement\":[{\"@type\":\"ListItem\",\"position\":1,\"name\":\"Portada\",\"item\":\"https:\\\/\\\/grupopantoja.com\\\/fr\\\/\"},{\"@type\":\"ListItem\",\"position\":2,\"name\":\"RSC\"}]},{\"@type\":\"WebSite\",\"@id\":\"https:\\\/\\\/grupopantoja.com\\\/#website\",\"url\":\"https:\\\/\\\/grupopantoja.com\\\/\",\"name\":\"PANTOJA Grupo Log\u00edstico\",\"description\":\"Transporte por carretera y log\u00edstica integral\",\"potentialAction\":[{\"@type\":\"SearchAction\",\"target\":{\"@type\":\"EntryPoint\",\"urlTemplate\":\"https:\\\/\\\/grupopantoja.com\\\/?s={search_term_string}\"},\"query-input\":{\"@type\":\"PropertyValueSpecification\",\"valueRequired\":true,\"valueName\":\"search_term_string\"}}],\"inLanguage\":\"fr-FR\"}]}<\/script>\n<!-- \/ Yoast SEO plugin. -->","yoast_head_json":{"title":"RSC - PANTOJA Grupo Log\u00edstico","description":"Pensamos que tenemos la responsabilidad social de promover la mejora del entorno social en aras de una mayor equidad.","robots":{"index":"index","follow":"follow","max-snippet":"max-snippet:-1","max-image-preview":"max-image-preview:large","max-video-preview":"max-video-preview:-1"},"canonical":"https:\/\/grupopantoja.com\/fr\/rsc\/","og_locale":"fr_FR","og_type":"article","og_title":"RSC - PANTOJA Grupo Log\u00edstico","og_description":"Pensamos que tenemos la responsabilidad social de promover la mejora del entorno social en aras de una mayor equidad.","og_url":"https:\/\/grupopantoja.com\/fr\/rsc\/","og_site_name":"PANTOJA Grupo Log\u00edstico","article_publisher":"https:\/\/www.facebook.com\/grupopantoja\/","article_modified_time":"2022-05-08T12:31:05+00:00","og_image":[{"width":685,"height":307,"url":"https:\/\/grupopantoja.com\/wp-content\/uploads\/2019\/11\/Logo-horizontal-blanco.png","type":"image\/png"}],"twitter_card":"summary_large_image","twitter_site":"@pantoja_grupo","twitter_misc":{"Dur\u00e9e de lecture estim\u00e9e":"1 minute"},"schema":{"@context":"https:\/\/schema.org","@graph":[{"@type":"WebPage","@id":"https:\/\/grupopantoja.com\/fr\/rsc\/","url":"https:\/\/grupopantoja.com\/fr\/rsc\/","name":"RSC - PANTOJA Grupo Log\u00edstico","isPartOf":{"@id":"https:\/\/grupopantoja.com\/#website"},"datePublished":"2022-03-16T16:36:14+00:00","dateModified":"2022-05-08T12:31:05+00:00","description":"Pensamos que tenemos la responsabilidad social de promover la mejora del entorno social en aras de una mayor equidad.","breadcrumb":{"@id":"https:\/\/grupopantoja.com\/fr\/rsc\/#breadcrumb"},"inLanguage":"fr-FR","potentialAction":[{"@type":"ReadAction","target":["https:\/\/grupopantoja.com\/fr\/rsc\/"]}]},{"@type":"BreadcrumbList","@id":"https:\/\/grupopantoja.com\/fr\/rsc\/#breadcrumb","itemListElement":[{"@type":"ListItem","position":1,"name":"Portada","item":"https:\/\/grupopantoja.com\/fr\/"},{"@type":"ListItem","position":2,"name":"RSC"}]},{"@type":"WebSite","@id":"https:\/\/grupopantoja.com\/#website","url":"https:\/\/grupopantoja.com\/","name":"PANTOJA Grupo Log\u00edstico","description":"Transporte por carretera y log\u00edstica integral","potentialAction":[{"@type":"SearchAction","target":{"@type":"EntryPoint","urlTemplate":"https:\/\/grupopantoja.com\/?s={search_term_string}"},"query-input":{"@type":"PropertyValueSpecification","valueRequired":true,"valueName":"search_term_string"}}],"inLanguage":"fr-FR"}]}},"_links":{"self":[{"href":"https:\/\/grupopantoja.com\/fr\/wp-json\/wp\/v2\/pages\/18932","targetHints":{"allow":["GET"]}}],"collection":[{"href":"https:\/\/grupopantoja.com\/fr\/wp-json\/wp\/v2\/pages"}],"about":[{"href":"https:\/\/grupopantoja.com\/fr\/wp-json\/wp\/v2\/types\/page"}],"author":[{"embeddable":true,"href":"https:\/\/grupopantoja.com\/fr\/wp-json\/wp\/v2\/users\/8"}],"replies":[{"embeddable":true,"href":"https:\/\/grupopantoja.com\/fr\/wp-json\/wp\/v2\/comments?post=18932"}],"version-history":[{"count":0,"href":"https:\/\/grupopantoja.com\/fr\/wp-json\/wp\/v2\/pages\/18932\/revisions"}],"wp:attachment":[{"href":"https:\/\/grupopantoja.com\/fr\/wp-json\/wp\/v2\/media?parent=18932"}],"curies":[{"name":"wp","href":"https:\/\/api.w.org\/{rel}","templated":true}]}}