{"id":19033,"date":"2021-10-11T14:24:28","date_gmt":"2021-10-11T12:24:28","guid":{"rendered":"https:\/\/grupopantoja.com\/quienes-somos-pantoja\/"},"modified":"2024-02-13T11:03:58","modified_gmt":"2024-02-13T10:03:58","slug":"who-we-are","status":"publish","type":"page","link":"https:\/\/grupopantoja.com\/en\/who-we-are\/","title":{"rendered":"Who we are"},"content":{"rendered":"<div class=\"wpb-content-wrapper\"><p>[vc_row full_width=&#8221;stretch_row_content_no_spaces&#8221; content_placement=&#8221;middle&#8221; bg_type=&#8221;image&#8221; parallax_style=&#8221;vcpb-default&#8221; bg_image_new=&#8221;id^14732|url^https:\/\/grupopantoja.com\/wp-content\/uploads\/2022\/03\/transporte-por-carretera-1.jpg|caption^null|alt^null|title^transporte por carretera|description^null&#8221; bg_image_repeat=&#8221;no-repeat&#8221; bg_override=&#8221;ex-full&#8221; el_class=&#8221;altura-bg&#8221;][vc_column][vc_column_text]<\/p>\n<h2 style=\"text-align: center;\"><span style=\"font-family: helvetica, arial, sans-serif;\">Who are we?<br \/>\n<\/span><\/h2>\n<p>[\/vc_column_text][\/vc_column][\/vc_row][vc_row][vc_column]<div id=\"ultimate-heading-578669f7018dc3286\" class=\"uvc-heading ult-adjust-bottom-margin ultimate-heading-578669f7018dc3286 uvc-1704 \" data-hspacer=\"no_spacer\"  data-halign=\"left\" style=\"text-align:left\"><div class=\"uvc-heading-spacer no_spacer\" style=\"top\"><\/div><div class=\"uvc-sub-heading ult-responsive\"  data-ultimate-target='.uvc-heading.ultimate-heading-578669f7018dc3286 .uvc-sub-heading '  data-responsive-json-new='{\"font-size\":\"desktop:18px;\",\"line-height\":\"desktop:21px;\"}'  style=\"font-family:&#039;Raleway&#039;;font-weight:500;color:#333333;margin-bottom:3%;\"><span style=\"font-weight: 400;\">With over 75 years, PANTOJA Grupo Log\u00edstico has consolidated its position in the sector, striving to create a compact structure with a clear vision of the future.<\/span><\/p>\n<p><span style=\"font-weight: 400;\">We are a Group with a long history in the transport and integral logistics sector. Today, PANTOJA Grupo Log\u00edstico is a benchmark within the sector thanks to a strategy based on the feedback from our customers, the digitalisation of processes and technological development.<\/span><\/p>\n<p><span style=\"font-weight: 400;\">Our philosophy is centred on our full commitment to customer service, a high degree of specialisation, our own R+D+i department and strategic geographical locations. Offering innovative value to our customers is a guarantee for our future.<\/span><\/p>\n<p><span style=\"font-weight: 400;\">For our group it is very important to offer a competitive advantage to each customer. This competitive advantage is produced when the client has some differential characteristic with respect to its competitors that confers it the capacity to achieve higher yields than them, in a sustainable manner over time. This is producing more for the same cost or producing the same at a lower cost. If we are able to help you, we have performed a good service.<\/span><\/div><\/div>[vc_empty_space][\/vc_column][\/vc_row][vc_row content_placement=&#8221;middle&#8221; bg_type=&#8221;bg_color&#8221; bg_override=&#8221;ex-full&#8221; css=&#8221;.vc_custom_1648732612712{padding-top: 3% !important;padding-bottom: 3% !important;}&#8221; bg_color_value=&#8221;#f7f7f7&#8243;][vc_column offset=&#8221;vc_hidden-md vc_hidden-sm vc_hidden-xs&#8221;]<div id=\"ultimate-heading-452169f7018dc330a\" class=\"uvc-heading ult-adjust-bottom-margin ultimate-heading-452169f7018dc330a uvc-2537 \" data-hspacer=\"no_spacer\"  data-halign=\"left\" style=\"text-align:left\"><div class=\"uvc-heading-spacer no_spacer\" style=\"top\"><\/div><div class=\"uvc-main-heading ult-responsive\"  data-ultimate-target='.uvc-heading.ultimate-heading-452169f7018dc330a h2'  data-responsive-json-new='{\"font-size\":\"desktop:50px;\",\"line-height\":\"desktop:58px;\"}' ><h2 style=\"font-family:&#039;Raleway&#039;;font-weight:600;color:#333333;margin-bottom:1%;\">75 years of history<\/h2><\/div><div class=\"uvc-sub-heading ult-responsive\"  data-ultimate-target='.uvc-heading.ultimate-heading-452169f7018dc330a .uvc-sub-heading '  data-responsive-json-new='{\"font-size\":\"desktop:18px;\",\"line-height\":\"desktop:21px;\"}'  style=\"font-family:&#039;Raleway&#039;;font-weight:normal;color:#333333;margin-bottom:3%;\">At PANTOJA Grupo Log\u00edstico it takes more than pencil and paper to write a story, it takes ambition, effort and hard work to make the words go beyond the paper and become a reality.<\/p>\n<p>Our history was born in November 1948, when Juan Luis Pantoja, with his first lorry, started up his national and international transport business. Constant work, a great team and a commitment to continuous improvement define the Group that we are today.<\/p>\n<p>It has now been 75 years of this history and we have many people, collaborators and clients to thank for accompanying us on this journey; together we have formed a Group with a compact structure and a clear vision of the future: PANTOJA Grupo Log\u00edstico. This anniversary is a further impetus to continue innovating as our goal is to remain a benchmark in the transport and logistics sector. This is possible thanks to our team, people who are our greatest differential value, and with whom we will be able to build and achieve all our future goals.<\/p>\n<p>After so many years there is one thing we are very clear about: we will continue to innovate and specialise in order to give the best to our customers and the environment in which we operate.<\/p>\n<p>We were born to go very far, and thanks to you we will continue working to achieve it.<\/div><\/div>[vc_empty_space height=&#8221;45px&#8221;][vc_row_inner content_placement=&#8221;middle&#8221; css=&#8221;.vc_custom_1648732589217{padding-right: 5% !important;padding-left: 5% !important;}&#8221;][vc_column_inner][vc_gallery type=&#8221;image_grid&#8221; images=&#8221;4783,4780,4807,4804,4801,4798,4795,4765,4768,4771,4774,4777,4786,4789,4792,4762,4759,4756,4753,4750,4747,4744,4741,4738&#8243; img_size=&#8221;medium&#8221;][\/vc_column_inner][\/vc_row_inner][\/vc_column][\/vc_row]<\/p>\n<\/div>","protected":false},"excerpt":{"rendered":"<p>[vc_row full_width=&#8221;stretch_row_content_no_spaces&#8221; content_placement=&#8221;middle&#8221; bg_type=&#8221;image&#8221; parallax_style=&#8221;vcpb-default&#8221; bg_image_new=&#8221;id^14732|url^https:\/\/grupopantoja.com\/wp-content\/uploads\/2022\/03\/transporte-por-carretera-1.jpg|caption^null|alt^null|title^transporte por carretera|description^null&#8221; bg_image_repeat=&#8221;no-repeat&#8221; bg_override=&#8221;ex-full&#8221; el_class=&#8221;altura-bg&#8221;][vc_column][vc_column_text] Who are we? [\/vc_column_text][\/vc_column][\/vc_row][vc_row][vc_column][vc_empty_space][\/vc_column][\/vc_row][vc_row content_placement=&#8221;middle&#8221; bg_type=&#8221;bg_color&#8221; bg_override=&#8221;ex-full&#8221; css=&#8221;.vc_custom_1648732612712{padding-top: 3% !important;padding-bottom: 3% !important;}&#8221; bg_color_value=&#8221;#f7f7f7&#8243;][vc_column offset=&#8221;vc_hidden-md vc_hidden-sm vc_hidden-xs&#8221;][vc_empty_space height=&#8221;45px&#8221;][vc_row_inner content_placement=&#8221;middle&#8221; css=&#8221;.vc_custom_1648732589217{padding-right: 5% !important;padding-left: 5% !important;}&#8221;][vc_column_inner][vc_gallery type=&#8221;image_grid&#8221; images=&#8221;4783,4780,4807,4804,4801,4798,4795,4765,4768,4771,4774,4777,4786,4789,4792,4762,4759,4756,4753,4750,4747,4744,4741,4738&#8243; img_size=&#8221;medium&#8221;][\/vc_column_inner][\/vc_row_inner][\/vc_column][\/vc_row]<\/p>\n","protected":false},"author":8,"featured_media":0,"parent":0,"menu_order":0,"comment_status":"closed","ping_status":"closed","template":"","meta":{"_acf_changed":false,"footnotes":""},"class_list":["post-19033","page","type-page","status-publish","hentry"],"acf":[],"yoast_head":"<!-- This site is optimized with the Yoast SEO plugin v27.5 - https:\/\/yoast.com\/product\/yoast-seo-wordpress\/ -->\n<title>Who we are - PANTOJA Grupo Log\u00edstico<\/title>\n<meta name=\"description\" content=\"PANTOJA es un grupo de Log\u00edstica y Transporte referente desde, hace m\u00e1s de 75 a\u00f1os, operando nacional e internacionalmente.\" \/>\n<meta name=\"robots\" content=\"index, follow, max-snippet:-1, max-image-preview:large, max-video-preview:-1\" \/>\n<link rel=\"canonical\" href=\"https:\/\/grupopantoja.com\/en\/who-we-are\/\" \/>\n<meta property=\"og:locale\" content=\"en_US\" \/>\n<meta property=\"og:type\" content=\"article\" \/>\n<meta property=\"og:title\" content=\"Who we are - PANTOJA Grupo Log\u00edstico\" \/>\n<meta property=\"og:description\" content=\"PANTOJA es un grupo de Log\u00edstica y Transporte referente desde, hace m\u00e1s de 75 a\u00f1os, operando nacional e internacionalmente.\" \/>\n<meta property=\"og:url\" content=\"https:\/\/grupopantoja.com\/en\/who-we-are\/\" \/>\n<meta property=\"og:site_name\" content=\"PANTOJA Grupo Log\u00edstico\" \/>\n<meta property=\"article:publisher\" content=\"https:\/\/www.facebook.com\/grupopantoja\/\" \/>\n<meta property=\"article:modified_time\" content=\"2024-02-13T10:03:58+00:00\" \/>\n<meta property=\"og:image\" content=\"https:\/\/grupopantoja.com\/wp-content\/uploads\/2019\/11\/Logo-horizontal-blanco.png\" \/>\n\t<meta property=\"og:image:width\" content=\"685\" \/>\n\t<meta property=\"og:image:height\" content=\"307\" \/>\n\t<meta property=\"og:image:type\" content=\"image\/png\" \/>\n<meta name=\"twitter:card\" content=\"summary_large_image\" \/>\n<meta name=\"twitter:site\" content=\"@pantoja_grupo\" \/>\n<meta name=\"twitter:label1\" content=\"Est. reading time\" \/>\n\t<meta name=\"twitter:data1\" content=\"4 minutes\" \/>\n<script type=\"application\/ld+json\" class=\"yoast-schema-graph\">{\"@context\":\"https:\\\/\\\/schema.org\",\"@graph\":[{\"@type\":\"WebPage\",\"@id\":\"https:\\\/\\\/grupopantoja.com\\\/en\\\/who-we-are\\\/\",\"url\":\"https:\\\/\\\/grupopantoja.com\\\/en\\\/who-we-are\\\/\",\"name\":\"Who we are - PANTOJA Grupo Log\u00edstico\",\"isPartOf\":{\"@id\":\"https:\\\/\\\/grupopantoja.com\\\/#website\"},\"datePublished\":\"2021-10-11T12:24:28+00:00\",\"dateModified\":\"2024-02-13T10:03:58+00:00\",\"description\":\"PANTOJA es un grupo de Log\u00edstica y Transporte referente desde, hace m\u00e1s de 75 a\u00f1os, operando nacional e internacionalmente.\",\"breadcrumb\":{\"@id\":\"https:\\\/\\\/grupopantoja.com\\\/en\\\/who-we-are\\\/#breadcrumb\"},\"inLanguage\":\"en-US\",\"potentialAction\":[{\"@type\":\"ReadAction\",\"target\":[\"https:\\\/\\\/grupopantoja.com\\\/en\\\/who-we-are\\\/\"]}]},{\"@type\":\"BreadcrumbList\",\"@id\":\"https:\\\/\\\/grupopantoja.com\\\/en\\\/who-we-are\\\/#breadcrumb\",\"itemListElement\":[{\"@type\":\"ListItem\",\"position\":1,\"name\":\"Portada\",\"item\":\"https:\\\/\\\/grupopantoja.com\\\/en\\\/\"},{\"@type\":\"ListItem\",\"position\":2,\"name\":\"Who we are\"}]},{\"@type\":\"WebSite\",\"@id\":\"https:\\\/\\\/grupopantoja.com\\\/#website\",\"url\":\"https:\\\/\\\/grupopantoja.com\\\/\",\"name\":\"PANTOJA Grupo Log\u00edstico\",\"description\":\"Transporte por carretera y log\u00edstica integral\",\"potentialAction\":[{\"@type\":\"SearchAction\",\"target\":{\"@type\":\"EntryPoint\",\"urlTemplate\":\"https:\\\/\\\/grupopantoja.com\\\/?s={search_term_string}\"},\"query-input\":{\"@type\":\"PropertyValueSpecification\",\"valueRequired\":true,\"valueName\":\"search_term_string\"}}],\"inLanguage\":\"en-US\"}]}<\/script>\n<!-- \/ Yoast SEO plugin. -->","yoast_head_json":{"title":"Who we are - PANTOJA Grupo Log\u00edstico","description":"PANTOJA es un grupo de Log\u00edstica y Transporte referente desde, hace m\u00e1s de 75 a\u00f1os, operando nacional e internacionalmente.","robots":{"index":"index","follow":"follow","max-snippet":"max-snippet:-1","max-image-preview":"max-image-preview:large","max-video-preview":"max-video-preview:-1"},"canonical":"https:\/\/grupopantoja.com\/en\/who-we-are\/","og_locale":"en_US","og_type":"article","og_title":"Who we are - PANTOJA Grupo Log\u00edstico","og_description":"PANTOJA es un grupo de Log\u00edstica y Transporte referente desde, hace m\u00e1s de 75 a\u00f1os, operando nacional e internacionalmente.","og_url":"https:\/\/grupopantoja.com\/en\/who-we-are\/","og_site_name":"PANTOJA Grupo Log\u00edstico","article_publisher":"https:\/\/www.facebook.com\/grupopantoja\/","article_modified_time":"2024-02-13T10:03:58+00:00","og_image":[{"width":685,"height":307,"url":"https:\/\/grupopantoja.com\/wp-content\/uploads\/2019\/11\/Logo-horizontal-blanco.png","type":"image\/png"}],"twitter_card":"summary_large_image","twitter_site":"@pantoja_grupo","twitter_misc":{"Est. reading time":"4 minutes"},"schema":{"@context":"https:\/\/schema.org","@graph":[{"@type":"WebPage","@id":"https:\/\/grupopantoja.com\/en\/who-we-are\/","url":"https:\/\/grupopantoja.com\/en\/who-we-are\/","name":"Who we are - PANTOJA Grupo Log\u00edstico","isPartOf":{"@id":"https:\/\/grupopantoja.com\/#website"},"datePublished":"2021-10-11T12:24:28+00:00","dateModified":"2024-02-13T10:03:58+00:00","description":"PANTOJA es un grupo de Log\u00edstica y Transporte referente desde, hace m\u00e1s de 75 a\u00f1os, operando nacional e internacionalmente.","breadcrumb":{"@id":"https:\/\/grupopantoja.com\/en\/who-we-are\/#breadcrumb"},"inLanguage":"en-US","potentialAction":[{"@type":"ReadAction","target":["https:\/\/grupopantoja.com\/en\/who-we-are\/"]}]},{"@type":"BreadcrumbList","@id":"https:\/\/grupopantoja.com\/en\/who-we-are\/#breadcrumb","itemListElement":[{"@type":"ListItem","position":1,"name":"Portada","item":"https:\/\/grupopantoja.com\/en\/"},{"@type":"ListItem","position":2,"name":"Who we are"}]},{"@type":"WebSite","@id":"https:\/\/grupopantoja.com\/#website","url":"https:\/\/grupopantoja.com\/","name":"PANTOJA Grupo Log\u00edstico","description":"Transporte por carretera y log\u00edstica integral","potentialAction":[{"@type":"SearchAction","target":{"@type":"EntryPoint","urlTemplate":"https:\/\/grupopantoja.com\/?s={search_term_string}"},"query-input":{"@type":"PropertyValueSpecification","valueRequired":true,"valueName":"search_term_string"}}],"inLanguage":"en-US"}]}},"_links":{"self":[{"href":"https:\/\/grupopantoja.com\/en\/wp-json\/wp\/v2\/pages\/19033","targetHints":{"allow":["GET"]}}],"collection":[{"href":"https:\/\/grupopantoja.com\/en\/wp-json\/wp\/v2\/pages"}],"about":[{"href":"https:\/\/grupopantoja.com\/en\/wp-json\/wp\/v2\/types\/page"}],"author":[{"embeddable":true,"href":"https:\/\/grupopantoja.com\/en\/wp-json\/wp\/v2\/users\/8"}],"replies":[{"embeddable":true,"href":"https:\/\/grupopantoja.com\/en\/wp-json\/wp\/v2\/comments?post=19033"}],"version-history":[{"count":5,"href":"https:\/\/grupopantoja.com\/en\/wp-json\/wp\/v2\/pages\/19033\/revisions"}],"predecessor-version":[{"id":24964,"href":"https:\/\/grupopantoja.com\/en\/wp-json\/wp\/v2\/pages\/19033\/revisions\/24964"}],"wp:attachment":[{"href":"https:\/\/grupopantoja.com\/en\/wp-json\/wp\/v2\/media?parent=19033"}],"curies":[{"name":"wp","href":"https:\/\/api.w.org\/{rel}","templated":true}]}}